{"id":122,"date":"2017-11-20T16:52:40","date_gmt":"2017-11-20T16:52:40","guid":{"rendered":"https:\/\/laboratorioslps.com\/new\/?post_type=product&#038;p=122"},"modified":"2026-04-07T14:55:23","modified_gmt":"2026-04-07T14:55:23","slug":"detergente-liquido-para-ropa-garrafa-x-20l","status":"publish","type":"product","link":"https:\/\/laboratorioslps.com\/new\/product\/detergente-liquido-para-ropa-garrafa-x-20l\/","title":{"rendered":"Detergente para Ropa LPS 20L"},"content":{"rendered":"","protected":false},"excerpt":{"rendered":"<p>El <strong>Detergente de ropa LPS X20L<\/strong> es un producto <strong>Biodegradable<\/strong> amigable con el medio ambiente.<\/p>\n<p>Ha sido especialmente formulado para brindarte grandes resultados en el lavado de todo tipo de ropa, ya sea blanca o de color.<\/p>\n<ul>\n<li>Protege las fibras de tus prendas: Gracias a su f\u00f3rmula avanzada, nuestro detergente l\u00edquido evita el desgaste prematuro de las fibras, prolongando la vida \u00fatil de tu ropa y manteni\u00e9ndola como nueva por m\u00e1s tiempo.<\/li>\n<li>Conserva los colores vivos: Olv\u00eddate de los temidos desti\u00f1es. Nuestro detergente previene la alteraci\u00f3n de los colores, asegurando que tus prendas mantengan su intensidad y frescura, lavado tras lavado.<\/li>\n<\/ul>\n<p>Disfruta de una experiencia sensorial \u00fanica con nuestro Aroma Primaveral.<\/p>\n<p>Si lo prefieres puedes utilizarlo en tu lavadora o en lavado manual, nuestro detergente l\u00edquido se adapta a tus necesidades.<\/p>\n<p>Cuida tus prendas, protege el medio ambiente y disfruta los resultados.<\/p>\n<p>\u00a1Haz que cada lavado sea una experiencia extraordinaria!<\/p>\n<p>&nbsp;<\/p>\n<p>Presentaci\u00f3n: garrafa 20L<\/p>\n<p><strong>Incluido Iva<\/strong><\/p>\n<p><strong><a href=\"https:\/\/laboratorioslps.com\/new\/wp-content\/uploads\/2025\/02\/PD-OT-146-FICHA-DE-DATOS-DE-SEGURIDAD-DETERGENTE-LIQUIDO-PARA-ROPA.pdf\">Ficha de datos de seguridad Detergente l\u00edquido para ropa<\/a><\/strong><\/p>\n<p>&nbsp;<\/p>\n","protected":false},"featured_media":5384,"comment_status":"open","ping_status":"closed","template":"","meta":{"_acf_changed":false},"product_brand":[64],"product_cat":[47],"product_tag":[],"class_list":{"0":"post-122","1":"product","2":"type-product","3":"status-publish","4":"has-post-thumbnail","6":"product_brand-lps","7":"product_cat-textil","9":"first","10":"instock","11":"shipping-taxable","12":"purchasable","13":"product-type-simple"},"acf":[],"yoast_head":"<!-- This site is optimized with the Yoast SEO plugin v27.3 - https:\/\/yoast.com\/product\/yoast-seo-wordpress\/ -->\n<title>Detergente para Ropa LPS 20L - LPS<\/title>\n<meta name=\"robots\" content=\"index, follow, max-snippet:-1, max-image-preview:large, max-video-preview:-1\" \/>\n<link rel=\"canonical\" href=\"https:\/\/laboratorioslps.com\/new\/product\/detergente-liquido-para-ropa-garrafa-x-20l\/\" \/>\n<meta property=\"og:locale\" content=\"es_ES\" \/>\n<meta property=\"og:type\" content=\"article\" \/>\n<meta property=\"og:title\" content=\"Detergente para Ropa LPS 20L - LPS\" \/>\n<meta property=\"og:description\" content=\"El Detergente de ropa LPS X20L es un producto Biodegradable amigable con el medio ambiente.  Ha sido especialmente formulado para brindarte grandes resultados en el lavado de todo tipo de ropa, ya sea blanca o de color.   Protege las fibras de tus prendas: Gracias a su f\u00f3rmula avanzada, nuestro detergente l\u00edquido evita el desgaste prematuro de las fibras, prolongando la vida \u00fatil de tu ropa y manteni\u00e9ndola como nueva por m\u00e1s tiempo.  Conserva los colores vivos: Olv\u00eddate de los temidos desti\u00f1es. Nuestro detergente previene la alteraci\u00f3n de los colores, asegurando que tus prendas mantengan su intensidad y frescura, lavado tras lavado.  Disfruta de una experiencia sensorial \u00fanica con nuestro Aroma Primaveral.  Si lo prefieres puedes utilizarlo en tu lavadora o en lavado manual, nuestro detergente l\u00edquido se adapta a tus necesidades.  Cuida tus prendas, protege el medio ambiente y disfruta los resultados.  \u00a1Haz que cada lavado sea una experiencia extraordinaria!  &nbsp;  Presentaci\u00f3n: garrafa 20L  Incluido Iva  Ficha de datos de seguridad Detergente l\u00edquido para ropa  &nbsp;\" \/>\n<meta property=\"og:url\" content=\"https:\/\/laboratorioslps.com\/new\/product\/detergente-liquido-para-ropa-garrafa-x-20l\/\" \/>\n<meta property=\"og:site_name\" content=\"LPS\" \/>\n<meta property=\"article:publisher\" content=\"https:\/\/web.facebook.com\/LaboratoriosIndustrialesLPS\" \/>\n<meta property=\"article:modified_time\" content=\"2026-04-07T14:55:23+00:00\" \/>\n<meta property=\"og:image\" content=\"https:\/\/laboratorioslps.com\/new\/wp-content\/uploads\/2017\/11\/Detergente-ropa-LPS-X-20L.jpg\" \/>\n\t<meta property=\"og:image:width\" content=\"2000\" \/>\n\t<meta property=\"og:image:height\" content=\"2000\" \/>\n\t<meta property=\"og:image:type\" content=\"image\/jpeg\" \/>\n<meta name=\"twitter:card\" content=\"summary_large_image\" \/>\n<meta name=\"twitter:label1\" content=\"Tiempo de lectura\" \/>\n\t<meta name=\"twitter:data1\" content=\"1 minuto\" \/>\n<script type=\"application\/ld+json\" class=\"yoast-schema-graph\">{\"@context\":\"https:\\\/\\\/schema.org\",\"@graph\":[{\"@type\":\"WebPage\",\"@id\":\"https:\\\/\\\/laboratorioslps.com\\\/new\\\/product\\\/detergente-liquido-para-ropa-garrafa-x-20l\\\/\",\"url\":\"https:\\\/\\\/laboratorioslps.com\\\/new\\\/product\\\/detergente-liquido-para-ropa-garrafa-x-20l\\\/\",\"name\":\"Detergente para Ropa LPS 20L - LPS\",\"isPartOf\":{\"@id\":\"https:\\\/\\\/laboratorioslps.com\\\/new\\\/#website\"},\"primaryImageOfPage\":{\"@id\":\"https:\\\/\\\/laboratorioslps.com\\\/new\\\/product\\\/detergente-liquido-para-ropa-garrafa-x-20l\\\/#primaryimage\"},\"image\":{\"@id\":\"https:\\\/\\\/laboratorioslps.com\\\/new\\\/product\\\/detergente-liquido-para-ropa-garrafa-x-20l\\\/#primaryimage\"},\"thumbnailUrl\":\"https:\\\/\\\/laboratorioslps.com\\\/new\\\/wp-content\\\/uploads\\\/2017\\\/11\\\/Detergente-ropa-LPS-X-20L.jpg\",\"datePublished\":\"2017-11-20T16:52:40+00:00\",\"dateModified\":\"2026-04-07T14:55:23+00:00\",\"breadcrumb\":{\"@id\":\"https:\\\/\\\/laboratorioslps.com\\\/new\\\/product\\\/detergente-liquido-para-ropa-garrafa-x-20l\\\/#breadcrumb\"},\"inLanguage\":\"es\",\"potentialAction\":[{\"@type\":\"ReadAction\",\"target\":[\"https:\\\/\\\/laboratorioslps.com\\\/new\\\/product\\\/detergente-liquido-para-ropa-garrafa-x-20l\\\/\"]}]},{\"@type\":\"ImageObject\",\"inLanguage\":\"es\",\"@id\":\"https:\\\/\\\/laboratorioslps.com\\\/new\\\/product\\\/detergente-liquido-para-ropa-garrafa-x-20l\\\/#primaryimage\",\"url\":\"https:\\\/\\\/laboratorioslps.com\\\/new\\\/wp-content\\\/uploads\\\/2017\\\/11\\\/Detergente-ropa-LPS-X-20L.jpg\",\"contentUrl\":\"https:\\\/\\\/laboratorioslps.com\\\/new\\\/wp-content\\\/uploads\\\/2017\\\/11\\\/Detergente-ropa-LPS-X-20L.jpg\",\"width\":2000,\"height\":2000},{\"@type\":\"BreadcrumbList\",\"@id\":\"https:\\\/\\\/laboratorioslps.com\\\/new\\\/product\\\/detergente-liquido-para-ropa-garrafa-x-20l\\\/#breadcrumb\",\"itemListElement\":[{\"@type\":\"ListItem\",\"position\":1,\"name\":\"Portada\",\"item\":\"https:\\\/\\\/laboratorioslps.com\\\/new\\\/\"},{\"@type\":\"ListItem\",\"position\":2,\"name\":\"shop\",\"item\":\"https:\\\/\\\/laboratorioslps.com\\\/new\\\/tienda-2\\\/\"},{\"@type\":\"ListItem\",\"position\":3,\"name\":\"Detergente para Ropa LPS 20L\"}]},{\"@type\":\"WebSite\",\"@id\":\"https:\\\/\\\/laboratorioslps.com\\\/new\\\/#website\",\"url\":\"https:\\\/\\\/laboratorioslps.com\\\/new\\\/\",\"name\":\"laboratorioslps\",\"description\":\"Limpio, puro y suave.\",\"publisher\":{\"@id\":\"https:\\\/\\\/laboratorioslps.com\\\/new\\\/#organization\"},\"potentialAction\":[{\"@type\":\"SearchAction\",\"target\":{\"@type\":\"EntryPoint\",\"urlTemplate\":\"https:\\\/\\\/laboratorioslps.com\\\/new\\\/?s={search_term_string}\"},\"query-input\":{\"@type\":\"PropertyValueSpecification\",\"valueRequired\":true,\"valueName\":\"search_term_string\"}}],\"inLanguage\":\"es\"},{\"@type\":\"Organization\",\"@id\":\"https:\\\/\\\/laboratorioslps.com\\\/new\\\/#organization\",\"name\":\"Laboratorios Industriales LPS\",\"url\":\"https:\\\/\\\/laboratorioslps.com\\\/new\\\/\",\"logo\":{\"@type\":\"ImageObject\",\"inLanguage\":\"es\",\"@id\":\"https:\\\/\\\/laboratorioslps.com\\\/new\\\/#\\\/schema\\\/logo\\\/image\\\/\",\"url\":\"https:\\\/\\\/laboratorioslps.com\\\/new\\\/wp-content\\\/uploads\\\/2024\\\/07\\\/images-1.png\",\"contentUrl\":\"https:\\\/\\\/laboratorioslps.com\\\/new\\\/wp-content\\\/uploads\\\/2024\\\/07\\\/images-1.png\",\"width\":225,\"height\":225,\"caption\":\"Laboratorios Industriales LPS\"},\"image\":{\"@id\":\"https:\\\/\\\/laboratorioslps.com\\\/new\\\/#\\\/schema\\\/logo\\\/image\\\/\"},\"sameAs\":[\"https:\\\/\\\/web.facebook.com\\\/LaboratoriosIndustrialesLPS\",\"https:\\\/\\\/www.instagram.com\\\/laboratorioslps\\\/?hl=es\",\"https:\\\/\\\/co.linkedin.com\\\/company\\\/laboratorios-industriales-lps\"]}]}<\/script>\n<!-- \/ Yoast SEO plugin. -->","yoast_head_json":{"title":"Detergente para Ropa LPS 20L - LPS","robots":{"index":"index","follow":"follow","max-snippet":"max-snippet:-1","max-image-preview":"max-image-preview:large","max-video-preview":"max-video-preview:-1"},"canonical":"https:\/\/laboratorioslps.com\/new\/product\/detergente-liquido-para-ropa-garrafa-x-20l\/","og_locale":"es_ES","og_type":"article","og_title":"Detergente para Ropa LPS 20L - LPS","og_description":"El Detergente de ropa LPS X20L es un producto Biodegradable amigable con el medio ambiente.  Ha sido especialmente formulado para brindarte grandes resultados en el lavado de todo tipo de ropa, ya sea blanca o de color.   Protege las fibras de tus prendas: Gracias a su f\u00f3rmula avanzada, nuestro detergente l\u00edquido evita el desgaste prematuro de las fibras, prolongando la vida \u00fatil de tu ropa y manteni\u00e9ndola como nueva por m\u00e1s tiempo.  Conserva los colores vivos: Olv\u00eddate de los temidos desti\u00f1es. Nuestro detergente previene la alteraci\u00f3n de los colores, asegurando que tus prendas mantengan su intensidad y frescura, lavado tras lavado.  Disfruta de una experiencia sensorial \u00fanica con nuestro Aroma Primaveral.  Si lo prefieres puedes utilizarlo en tu lavadora o en lavado manual, nuestro detergente l\u00edquido se adapta a tus necesidades.  Cuida tus prendas, protege el medio ambiente y disfruta los resultados.  \u00a1Haz que cada lavado sea una experiencia extraordinaria!  &nbsp;  Presentaci\u00f3n: garrafa 20L  Incluido Iva  Ficha de datos de seguridad Detergente l\u00edquido para ropa  &nbsp;","og_url":"https:\/\/laboratorioslps.com\/new\/product\/detergente-liquido-para-ropa-garrafa-x-20l\/","og_site_name":"LPS","article_publisher":"https:\/\/web.facebook.com\/LaboratoriosIndustrialesLPS","article_modified_time":"2026-04-07T14:55:23+00:00","og_image":[{"width":2000,"height":2000,"url":"https:\/\/laboratorioslps.com\/new\/wp-content\/uploads\/2017\/11\/Detergente-ropa-LPS-X-20L.jpg","type":"image\/jpeg"}],"twitter_card":"summary_large_image","twitter_misc":{"Tiempo de lectura":"1 minuto"},"schema":{"@context":"https:\/\/schema.org","@graph":[{"@type":"WebPage","@id":"https:\/\/laboratorioslps.com\/new\/product\/detergente-liquido-para-ropa-garrafa-x-20l\/","url":"https:\/\/laboratorioslps.com\/new\/product\/detergente-liquido-para-ropa-garrafa-x-20l\/","name":"Detergente para Ropa LPS 20L - LPS","isPartOf":{"@id":"https:\/\/laboratorioslps.com\/new\/#website"},"primaryImageOfPage":{"@id":"https:\/\/laboratorioslps.com\/new\/product\/detergente-liquido-para-ropa-garrafa-x-20l\/#primaryimage"},"image":{"@id":"https:\/\/laboratorioslps.com\/new\/product\/detergente-liquido-para-ropa-garrafa-x-20l\/#primaryimage"},"thumbnailUrl":"https:\/\/laboratorioslps.com\/new\/wp-content\/uploads\/2017\/11\/Detergente-ropa-LPS-X-20L.jpg","datePublished":"2017-11-20T16:52:40+00:00","dateModified":"2026-04-07T14:55:23+00:00","breadcrumb":{"@id":"https:\/\/laboratorioslps.com\/new\/product\/detergente-liquido-para-ropa-garrafa-x-20l\/#breadcrumb"},"inLanguage":"es","potentialAction":[{"@type":"ReadAction","target":["https:\/\/laboratorioslps.com\/new\/product\/detergente-liquido-para-ropa-garrafa-x-20l\/"]}]},{"@type":"ImageObject","inLanguage":"es","@id":"https:\/\/laboratorioslps.com\/new\/product\/detergente-liquido-para-ropa-garrafa-x-20l\/#primaryimage","url":"https:\/\/laboratorioslps.com\/new\/wp-content\/uploads\/2017\/11\/Detergente-ropa-LPS-X-20L.jpg","contentUrl":"https:\/\/laboratorioslps.com\/new\/wp-content\/uploads\/2017\/11\/Detergente-ropa-LPS-X-20L.jpg","width":2000,"height":2000},{"@type":"BreadcrumbList","@id":"https:\/\/laboratorioslps.com\/new\/product\/detergente-liquido-para-ropa-garrafa-x-20l\/#breadcrumb","itemListElement":[{"@type":"ListItem","position":1,"name":"Portada","item":"https:\/\/laboratorioslps.com\/new\/"},{"@type":"ListItem","position":2,"name":"shop","item":"https:\/\/laboratorioslps.com\/new\/tienda-2\/"},{"@type":"ListItem","position":3,"name":"Detergente para Ropa LPS 20L"}]},{"@type":"WebSite","@id":"https:\/\/laboratorioslps.com\/new\/#website","url":"https:\/\/laboratorioslps.com\/new\/","name":"laboratorioslps","description":"Limpio, puro y suave.","publisher":{"@id":"https:\/\/laboratorioslps.com\/new\/#organization"},"potentialAction":[{"@type":"SearchAction","target":{"@type":"EntryPoint","urlTemplate":"https:\/\/laboratorioslps.com\/new\/?s={search_term_string}"},"query-input":{"@type":"PropertyValueSpecification","valueRequired":true,"valueName":"search_term_string"}}],"inLanguage":"es"},{"@type":"Organization","@id":"https:\/\/laboratorioslps.com\/new\/#organization","name":"Laboratorios Industriales LPS","url":"https:\/\/laboratorioslps.com\/new\/","logo":{"@type":"ImageObject","inLanguage":"es","@id":"https:\/\/laboratorioslps.com\/new\/#\/schema\/logo\/image\/","url":"https:\/\/laboratorioslps.com\/new\/wp-content\/uploads\/2024\/07\/images-1.png","contentUrl":"https:\/\/laboratorioslps.com\/new\/wp-content\/uploads\/2024\/07\/images-1.png","width":225,"height":225,"caption":"Laboratorios Industriales LPS"},"image":{"@id":"https:\/\/laboratorioslps.com\/new\/#\/schema\/logo\/image\/"},"sameAs":["https:\/\/web.facebook.com\/LaboratoriosIndustrialesLPS","https:\/\/www.instagram.com\/laboratorioslps\/?hl=es","https:\/\/co.linkedin.com\/company\/laboratorios-industriales-lps"]}]}},"_links":{"self":[{"href":"https:\/\/laboratorioslps.com\/new\/wp-json\/wp\/v2\/product\/122","targetHints":{"allow":["GET"]}}],"collection":[{"href":"https:\/\/laboratorioslps.com\/new\/wp-json\/wp\/v2\/product"}],"about":[{"href":"https:\/\/laboratorioslps.com\/new\/wp-json\/wp\/v2\/types\/product"}],"replies":[{"embeddable":true,"href":"https:\/\/laboratorioslps.com\/new\/wp-json\/wp\/v2\/comments?post=122"}],"version-history":[{"count":6,"href":"https:\/\/laboratorioslps.com\/new\/wp-json\/wp\/v2\/product\/122\/revisions"}],"predecessor-version":[{"id":3920,"href":"https:\/\/laboratorioslps.com\/new\/wp-json\/wp\/v2\/product\/122\/revisions\/3920"}],"wp:featuredmedia":[{"embeddable":true,"href":"https:\/\/laboratorioslps.com\/new\/wp-json\/wp\/v2\/media\/5384"}],"wp:attachment":[{"href":"https:\/\/laboratorioslps.com\/new\/wp-json\/wp\/v2\/media?parent=122"}],"wp:term":[{"taxonomy":"product_brand","embeddable":true,"href":"https:\/\/laboratorioslps.com\/new\/wp-json\/wp\/v2\/product_brand?post=122"},{"taxonomy":"product_cat","embeddable":true,"href":"https:\/\/laboratorioslps.com\/new\/wp-json\/wp\/v2\/product_cat?post=122"},{"taxonomy":"product_tag","embeddable":true,"href":"https:\/\/laboratorioslps.com\/new\/wp-json\/wp\/v2\/product_tag?post=122"}],"curies":[{"name":"wp","href":"https:\/\/api.w.org\/{rel}","templated":true}]}}