{"id":201,"date":"2017-11-20T22:24:08","date_gmt":"2017-11-20T22:24:08","guid":{"rendered":"https:\/\/laboratorioslps.com\/new\/?post_type=product&#038;p=201"},"modified":"2026-02-21T22:27:26","modified_gmt":"2026-02-21T22:27:26","slug":"sanitizante-antibacterial-1-l","status":"publish","type":"product","link":"https:\/\/laboratorioslps.com\/new\/product\/sanitizante-antibacterial-1-l\/","title":{"rendered":"Sanitizante Antibacterial para Ropa 1L"},"content":{"rendered":"","protected":false},"excerpt":{"rendered":"<p>El <strong>SANITIZANTE ANTIBACTERIAL PARA ROPA DE LARGA DURACI\u00d3N<\/strong> es un producto desarrollado para eliminar virus, hongos y bacterias, dejando un efecto residual durante un tiempo prolongado sobre prendas de vestir y zapatos. Apl\u00edquelo cuando se llega de la calle a casa directamente sobre las prendas de vestir y zapatos o puede mezclarlo con el detergente de ropa que utiliza habitualmente para lavado manual o lavadora.<\/p>\n<p>El Sanitizante Antibacterial para Ropa posee las siguientes propiedades:<\/p>\n<p>\u2022 Protecci\u00f3n bacteriost\u00e1tica de amplio espectro en prendas lavadas o tratadas.<br \/>\n\u2022 Efecto prolongado de hasta 2 meses en las prendas como protecci\u00f3n contra bacterias.<br \/>\n\u2022 Evita proliferaci\u00f3n de bacterias y hongos, en el proceso de lavado o aspersi\u00f3n<br \/>\n\u2022 Evita el mal olor producido por el sudor en las prendas causadas por el Micrococus Dermatophytes y por la bacteria (Staphilococus epidermidis)<br \/>\n\u2022 Evita el crecimiento de bacterias pat\u00f3genas como el Proteus vulgaris y E.Coli en sus prendas.<\/p>\n<p><strong>Incluido Iva<\/strong><\/p>\n<p>Presentaci\u00f3n: frasco 1 L<\/p>\n<p><strong><a href=\"https:\/\/laboratorioslps.com\/new\/wp-content\/uploads\/2025\/02\/PD-OT-384-FICHA-DE-DATOS-DE-SEGURIDAD-SANITIZANTE-ANTIBACTERIAL-PARA-ROPA-DE-LARGA-DURACION.pdf\">Ficha de datos de seguridad Sanitizante Antibacterial para ropa de larga duraci\u00f3n\u00a0<\/a><\/strong><\/p>\n<p>&nbsp;<\/p>\n","protected":false},"featured_media":5453,"comment_status":"open","ping_status":"closed","template":"","meta":{"_acf_changed":false},"product_brand":[64],"product_cat":[45,47],"product_tag":[],"class_list":{"0":"post-201","1":"product","2":"type-product","3":"status-publish","4":"has-post-thumbnail","6":"product_brand-lps","7":"product_cat-antibacterial","8":"product_cat-textil","10":"first","11":"instock","12":"shipping-taxable","13":"purchasable","14":"product-type-simple"},"acf":[],"yoast_head":"<!-- This site is optimized with the Yoast SEO plugin v27.4 - https:\/\/yoast.com\/product\/yoast-seo-wordpress\/ -->\n<title>Sanitizante Antibacterial para Ropa 1L - LPS<\/title>\n<meta name=\"robots\" content=\"index, follow, max-snippet:-1, max-image-preview:large, max-video-preview:-1\" \/>\n<link rel=\"canonical\" href=\"https:\/\/laboratorioslps.com\/new\/product\/sanitizante-antibacterial-1-l\/\" \/>\n<meta property=\"og:locale\" content=\"es_ES\" \/>\n<meta property=\"og:type\" content=\"article\" \/>\n<meta property=\"og:title\" content=\"Sanitizante Antibacterial para Ropa 1L - LPS\" \/>\n<meta property=\"og:description\" content=\"El SANITIZANTE ANTIBACTERIAL PARA ROPA DE LARGA DURACI\u00d3N es un producto desarrollado para eliminar virus, hongos y bacterias, dejando un efecto residual durante un tiempo prolongado sobre prendas de vestir y zapatos. Apl\u00edquelo cuando se llega de la calle a casa directamente sobre las prendas de vestir y zapatos o puede mezclarlo con el detergente de ropa que utiliza habitualmente para lavado manual o lavadora.  El Sanitizante Antibacterial para Ropa posee las siguientes propiedades:  \u2022 Protecci\u00f3n bacteriost\u00e1tica de amplio espectro en prendas lavadas o tratadas. \u2022 Efecto prolongado de hasta 2 meses en las prendas como protecci\u00f3n contra bacterias. \u2022 Evita proliferaci\u00f3n de bacterias y hongos, en el proceso de lavado o aspersi\u00f3n \u2022 Evita el mal olor producido por el sudor en las prendas causadas por el Micrococus Dermatophytes y por la bacteria (Staphilococus epidermidis) \u2022 Evita el crecimiento de bacterias pat\u00f3genas como el Proteus vulgaris y E.Coli en sus prendas.  Incluido Iva  Presentaci\u00f3n: frasco 1 L  Ficha de datos de seguridad Sanitizante Antibacterial para ropa de larga duraci\u00f3n\u00a0  &nbsp;\" \/>\n<meta property=\"og:url\" content=\"https:\/\/laboratorioslps.com\/new\/product\/sanitizante-antibacterial-1-l\/\" \/>\n<meta property=\"og:site_name\" content=\"LPS\" \/>\n<meta property=\"article:publisher\" content=\"https:\/\/web.facebook.com\/LaboratoriosIndustrialesLPS\" \/>\n<meta property=\"article:modified_time\" content=\"2026-02-21T22:27:26+00:00\" \/>\n<meta property=\"og:image\" content=\"https:\/\/laboratorioslps.com\/new\/wp-content\/uploads\/2017\/11\/Sanitizante-Antibacterial-LPS-X-1L.jpg\" \/>\n\t<meta property=\"og:image:width\" content=\"2000\" \/>\n\t<meta property=\"og:image:height\" content=\"2000\" \/>\n\t<meta property=\"og:image:type\" content=\"image\/jpeg\" \/>\n<meta name=\"twitter:card\" content=\"summary_large_image\" \/>\n<meta name=\"twitter:label1\" content=\"Tiempo de lectura\" \/>\n\t<meta name=\"twitter:data1\" content=\"1 minuto\" \/>\n<script type=\"application\/ld+json\" class=\"yoast-schema-graph\">{\"@context\":\"https:\\\/\\\/schema.org\",\"@graph\":[{\"@type\":\"WebPage\",\"@id\":\"https:\\\/\\\/laboratorioslps.com\\\/new\\\/product\\\/sanitizante-antibacterial-1-l\\\/\",\"url\":\"https:\\\/\\\/laboratorioslps.com\\\/new\\\/product\\\/sanitizante-antibacterial-1-l\\\/\",\"name\":\"Sanitizante Antibacterial para Ropa 1L - LPS\",\"isPartOf\":{\"@id\":\"https:\\\/\\\/laboratorioslps.com\\\/new\\\/#website\"},\"primaryImageOfPage\":{\"@id\":\"https:\\\/\\\/laboratorioslps.com\\\/new\\\/product\\\/sanitizante-antibacterial-1-l\\\/#primaryimage\"},\"image\":{\"@id\":\"https:\\\/\\\/laboratorioslps.com\\\/new\\\/product\\\/sanitizante-antibacterial-1-l\\\/#primaryimage\"},\"thumbnailUrl\":\"https:\\\/\\\/laboratorioslps.com\\\/new\\\/wp-content\\\/uploads\\\/2017\\\/11\\\/Sanitizante-Antibacterial-LPS-X-1L.jpg\",\"datePublished\":\"2017-11-20T22:24:08+00:00\",\"dateModified\":\"2026-02-21T22:27:26+00:00\",\"breadcrumb\":{\"@id\":\"https:\\\/\\\/laboratorioslps.com\\\/new\\\/product\\\/sanitizante-antibacterial-1-l\\\/#breadcrumb\"},\"inLanguage\":\"es\",\"potentialAction\":[{\"@type\":\"ReadAction\",\"target\":[\"https:\\\/\\\/laboratorioslps.com\\\/new\\\/product\\\/sanitizante-antibacterial-1-l\\\/\"]}]},{\"@type\":\"ImageObject\",\"inLanguage\":\"es\",\"@id\":\"https:\\\/\\\/laboratorioslps.com\\\/new\\\/product\\\/sanitizante-antibacterial-1-l\\\/#primaryimage\",\"url\":\"https:\\\/\\\/laboratorioslps.com\\\/new\\\/wp-content\\\/uploads\\\/2017\\\/11\\\/Sanitizante-Antibacterial-LPS-X-1L.jpg\",\"contentUrl\":\"https:\\\/\\\/laboratorioslps.com\\\/new\\\/wp-content\\\/uploads\\\/2017\\\/11\\\/Sanitizante-Antibacterial-LPS-X-1L.jpg\",\"width\":2000,\"height\":2000},{\"@type\":\"BreadcrumbList\",\"@id\":\"https:\\\/\\\/laboratorioslps.com\\\/new\\\/product\\\/sanitizante-antibacterial-1-l\\\/#breadcrumb\",\"itemListElement\":[{\"@type\":\"ListItem\",\"position\":1,\"name\":\"Portada\",\"item\":\"https:\\\/\\\/laboratorioslps.com\\\/new\\\/\"},{\"@type\":\"ListItem\",\"position\":2,\"name\":\"shop\",\"item\":\"https:\\\/\\\/laboratorioslps.com\\\/new\\\/tienda-2\\\/\"},{\"@type\":\"ListItem\",\"position\":3,\"name\":\"Sanitizante Antibacterial para Ropa 1L\"}]},{\"@type\":\"WebSite\",\"@id\":\"https:\\\/\\\/laboratorioslps.com\\\/new\\\/#website\",\"url\":\"https:\\\/\\\/laboratorioslps.com\\\/new\\\/\",\"name\":\"laboratorioslps\",\"description\":\"Limpio, puro y suave.\",\"publisher\":{\"@id\":\"https:\\\/\\\/laboratorioslps.com\\\/new\\\/#organization\"},\"potentialAction\":[{\"@type\":\"SearchAction\",\"target\":{\"@type\":\"EntryPoint\",\"urlTemplate\":\"https:\\\/\\\/laboratorioslps.com\\\/new\\\/?s={search_term_string}\"},\"query-input\":{\"@type\":\"PropertyValueSpecification\",\"valueRequired\":true,\"valueName\":\"search_term_string\"}}],\"inLanguage\":\"es\"},{\"@type\":\"Organization\",\"@id\":\"https:\\\/\\\/laboratorioslps.com\\\/new\\\/#organization\",\"name\":\"Laboratorios Industriales LPS\",\"url\":\"https:\\\/\\\/laboratorioslps.com\\\/new\\\/\",\"logo\":{\"@type\":\"ImageObject\",\"inLanguage\":\"es\",\"@id\":\"https:\\\/\\\/laboratorioslps.com\\\/new\\\/#\\\/schema\\\/logo\\\/image\\\/\",\"url\":\"https:\\\/\\\/laboratorioslps.com\\\/new\\\/wp-content\\\/uploads\\\/2024\\\/07\\\/images-1.png\",\"contentUrl\":\"https:\\\/\\\/laboratorioslps.com\\\/new\\\/wp-content\\\/uploads\\\/2024\\\/07\\\/images-1.png\",\"width\":225,\"height\":225,\"caption\":\"Laboratorios Industriales LPS\"},\"image\":{\"@id\":\"https:\\\/\\\/laboratorioslps.com\\\/new\\\/#\\\/schema\\\/logo\\\/image\\\/\"},\"sameAs\":[\"https:\\\/\\\/web.facebook.com\\\/LaboratoriosIndustrialesLPS\",\"https:\\\/\\\/www.instagram.com\\\/laboratorioslps\\\/?hl=es\",\"https:\\\/\\\/co.linkedin.com\\\/company\\\/laboratorios-industriales-lps\"]}]}<\/script>\n<!-- \/ Yoast SEO plugin. -->","yoast_head_json":{"title":"Sanitizante Antibacterial para Ropa 1L - LPS","robots":{"index":"index","follow":"follow","max-snippet":"max-snippet:-1","max-image-preview":"max-image-preview:large","max-video-preview":"max-video-preview:-1"},"canonical":"https:\/\/laboratorioslps.com\/new\/product\/sanitizante-antibacterial-1-l\/","og_locale":"es_ES","og_type":"article","og_title":"Sanitizante Antibacterial para Ropa 1L - LPS","og_description":"El SANITIZANTE ANTIBACTERIAL PARA ROPA DE LARGA DURACI\u00d3N es un producto desarrollado para eliminar virus, hongos y bacterias, dejando un efecto residual durante un tiempo prolongado sobre prendas de vestir y zapatos. Apl\u00edquelo cuando se llega de la calle a casa directamente sobre las prendas de vestir y zapatos o puede mezclarlo con el detergente de ropa que utiliza habitualmente para lavado manual o lavadora.  El Sanitizante Antibacterial para Ropa posee las siguientes propiedades:  \u2022 Protecci\u00f3n bacteriost\u00e1tica de amplio espectro en prendas lavadas o tratadas. \u2022 Efecto prolongado de hasta 2 meses en las prendas como protecci\u00f3n contra bacterias. \u2022 Evita proliferaci\u00f3n de bacterias y hongos, en el proceso de lavado o aspersi\u00f3n \u2022 Evita el mal olor producido por el sudor en las prendas causadas por el Micrococus Dermatophytes y por la bacteria (Staphilococus epidermidis) \u2022 Evita el crecimiento de bacterias pat\u00f3genas como el Proteus vulgaris y E.Coli en sus prendas.  Incluido Iva  Presentaci\u00f3n: frasco 1 L  Ficha de datos de seguridad Sanitizante Antibacterial para ropa de larga duraci\u00f3n\u00a0  &nbsp;","og_url":"https:\/\/laboratorioslps.com\/new\/product\/sanitizante-antibacterial-1-l\/","og_site_name":"LPS","article_publisher":"https:\/\/web.facebook.com\/LaboratoriosIndustrialesLPS","article_modified_time":"2026-02-21T22:27:26+00:00","og_image":[{"width":2000,"height":2000,"url":"https:\/\/laboratorioslps.com\/new\/wp-content\/uploads\/2017\/11\/Sanitizante-Antibacterial-LPS-X-1L.jpg","type":"image\/jpeg"}],"twitter_card":"summary_large_image","twitter_misc":{"Tiempo de lectura":"1 minuto"},"schema":{"@context":"https:\/\/schema.org","@graph":[{"@type":"WebPage","@id":"https:\/\/laboratorioslps.com\/new\/product\/sanitizante-antibacterial-1-l\/","url":"https:\/\/laboratorioslps.com\/new\/product\/sanitizante-antibacterial-1-l\/","name":"Sanitizante Antibacterial para Ropa 1L - LPS","isPartOf":{"@id":"https:\/\/laboratorioslps.com\/new\/#website"},"primaryImageOfPage":{"@id":"https:\/\/laboratorioslps.com\/new\/product\/sanitizante-antibacterial-1-l\/#primaryimage"},"image":{"@id":"https:\/\/laboratorioslps.com\/new\/product\/sanitizante-antibacterial-1-l\/#primaryimage"},"thumbnailUrl":"https:\/\/laboratorioslps.com\/new\/wp-content\/uploads\/2017\/11\/Sanitizante-Antibacterial-LPS-X-1L.jpg","datePublished":"2017-11-20T22:24:08+00:00","dateModified":"2026-02-21T22:27:26+00:00","breadcrumb":{"@id":"https:\/\/laboratorioslps.com\/new\/product\/sanitizante-antibacterial-1-l\/#breadcrumb"},"inLanguage":"es","potentialAction":[{"@type":"ReadAction","target":["https:\/\/laboratorioslps.com\/new\/product\/sanitizante-antibacterial-1-l\/"]}]},{"@type":"ImageObject","inLanguage":"es","@id":"https:\/\/laboratorioslps.com\/new\/product\/sanitizante-antibacterial-1-l\/#primaryimage","url":"https:\/\/laboratorioslps.com\/new\/wp-content\/uploads\/2017\/11\/Sanitizante-Antibacterial-LPS-X-1L.jpg","contentUrl":"https:\/\/laboratorioslps.com\/new\/wp-content\/uploads\/2017\/11\/Sanitizante-Antibacterial-LPS-X-1L.jpg","width":2000,"height":2000},{"@type":"BreadcrumbList","@id":"https:\/\/laboratorioslps.com\/new\/product\/sanitizante-antibacterial-1-l\/#breadcrumb","itemListElement":[{"@type":"ListItem","position":1,"name":"Portada","item":"https:\/\/laboratorioslps.com\/new\/"},{"@type":"ListItem","position":2,"name":"shop","item":"https:\/\/laboratorioslps.com\/new\/tienda-2\/"},{"@type":"ListItem","position":3,"name":"Sanitizante Antibacterial para Ropa 1L"}]},{"@type":"WebSite","@id":"https:\/\/laboratorioslps.com\/new\/#website","url":"https:\/\/laboratorioslps.com\/new\/","name":"laboratorioslps","description":"Limpio, puro y suave.","publisher":{"@id":"https:\/\/laboratorioslps.com\/new\/#organization"},"potentialAction":[{"@type":"SearchAction","target":{"@type":"EntryPoint","urlTemplate":"https:\/\/laboratorioslps.com\/new\/?s={search_term_string}"},"query-input":{"@type":"PropertyValueSpecification","valueRequired":true,"valueName":"search_term_string"}}],"inLanguage":"es"},{"@type":"Organization","@id":"https:\/\/laboratorioslps.com\/new\/#organization","name":"Laboratorios Industriales LPS","url":"https:\/\/laboratorioslps.com\/new\/","logo":{"@type":"ImageObject","inLanguage":"es","@id":"https:\/\/laboratorioslps.com\/new\/#\/schema\/logo\/image\/","url":"https:\/\/laboratorioslps.com\/new\/wp-content\/uploads\/2024\/07\/images-1.png","contentUrl":"https:\/\/laboratorioslps.com\/new\/wp-content\/uploads\/2024\/07\/images-1.png","width":225,"height":225,"caption":"Laboratorios Industriales LPS"},"image":{"@id":"https:\/\/laboratorioslps.com\/new\/#\/schema\/logo\/image\/"},"sameAs":["https:\/\/web.facebook.com\/LaboratoriosIndustrialesLPS","https:\/\/www.instagram.com\/laboratorioslps\/?hl=es","https:\/\/co.linkedin.com\/company\/laboratorios-industriales-lps"]}]}},"_links":{"self":[{"href":"https:\/\/laboratorioslps.com\/new\/wp-json\/wp\/v2\/product\/201","targetHints":{"allow":["GET"]}}],"collection":[{"href":"https:\/\/laboratorioslps.com\/new\/wp-json\/wp\/v2\/product"}],"about":[{"href":"https:\/\/laboratorioslps.com\/new\/wp-json\/wp\/v2\/types\/product"}],"replies":[{"embeddable":true,"href":"https:\/\/laboratorioslps.com\/new\/wp-json\/wp\/v2\/comments?post=201"}],"version-history":[{"count":4,"href":"https:\/\/laboratorioslps.com\/new\/wp-json\/wp\/v2\/product\/201\/revisions"}],"predecessor-version":[{"id":4970,"href":"https:\/\/laboratorioslps.com\/new\/wp-json\/wp\/v2\/product\/201\/revisions\/4970"}],"wp:featuredmedia":[{"embeddable":true,"href":"https:\/\/laboratorioslps.com\/new\/wp-json\/wp\/v2\/media\/5453"}],"wp:attachment":[{"href":"https:\/\/laboratorioslps.com\/new\/wp-json\/wp\/v2\/media?parent=201"}],"wp:term":[{"taxonomy":"product_brand","embeddable":true,"href":"https:\/\/laboratorioslps.com\/new\/wp-json\/wp\/v2\/product_brand?post=201"},{"taxonomy":"product_cat","embeddable":true,"href":"https:\/\/laboratorioslps.com\/new\/wp-json\/wp\/v2\/product_cat?post=201"},{"taxonomy":"product_tag","embeddable":true,"href":"https:\/\/laboratorioslps.com\/new\/wp-json\/wp\/v2\/product_tag?post=201"}],"curies":[{"name":"wp","href":"https:\/\/api.w.org\/{rel}","templated":true}]}}