{"id":2330,"date":"2021-04-12T17:25:08","date_gmt":"2021-04-12T17:25:08","guid":{"rendered":"https:\/\/laboratorioslps.com\/new\/?post_type=product&#038;p=2330"},"modified":"2026-01-19T13:04:21","modified_gmt":"2026-01-19T13:04:21","slug":"jabon-barra-lpsx4l","status":"publish","type":"product","link":"https:\/\/laboratorioslps.com\/new\/product\/jabon-barra-lpsx4l\/","title":{"rendered":"Jab\u00f3n de barra LPS X 4L"},"content":{"rendered":"","protected":false},"excerpt":{"rendered":"<p>El <strong>Jab\u00f3n de Barra L\u00edquido Multiusos<\/strong> disuelve la suciedad de toda clase de superficies lavables con agua.<\/p>\n<ul>\n<li><strong>Remueve suciedad<\/strong><\/li>\n<li><strong>Desmancha <\/strong><\/li>\n<li><strong>Despercude sus prendas.<\/strong><\/li>\n<\/ul>\n<p>Se puede utilizar en:<\/p>\n<p>Pisos, paredes, baldosas, y ba\u00f1os.<\/p>\n<p>\u00daselo en el lavado de ropa blanca y de color<\/p>\n<p>Presentaci\u00f3n: Gal\u00f3n x 4L<\/p>\n<p><strong>Incluido Iva<\/strong><\/p>\n<p><a href=\"https:\/\/laboratorioslps.com\/new\/wp-content\/uploads\/2025\/02\/PD-OT-411-FICHA-DE-DATOS-DE-SEGURIDAD-JABON-DE-BARRA-LIQUIDO.pdf\"><strong>Ficha de datos de seguridad Jab\u00f3n de barra L\u00edquido<\/strong><\/a><\/p>\n<p>&nbsp;<\/p>\n","protected":false},"featured_media":5357,"comment_status":"open","ping_status":"closed","template":"","meta":{"_acf_changed":false},"product_brand":[64],"product_cat":[49,47],"product_tag":[],"class_list":{"0":"post-2330","1":"product","2":"type-product","3":"status-publish","4":"has-post-thumbnail","6":"product_brand-lps","7":"product_cat-limpiadores","8":"product_cat-textil","10":"first","11":"instock","12":"featured","13":"shipping-taxable","14":"purchasable","15":"product-type-simple"},"acf":[],"yoast_head":"<!-- This site is optimized with the Yoast SEO plugin v27.3 - https:\/\/yoast.com\/product\/yoast-seo-wordpress\/ -->\n<title>Jab\u00f3n de barra LPS X 4L - LPS<\/title>\n<meta name=\"robots\" content=\"index, follow, max-snippet:-1, max-image-preview:large, max-video-preview:-1\" \/>\n<link rel=\"canonical\" href=\"https:\/\/laboratorioslps.com\/new\/product\/jabon-barra-lpsx4l\/\" \/>\n<meta property=\"og:locale\" content=\"es_ES\" \/>\n<meta property=\"og:type\" content=\"article\" \/>\n<meta property=\"og:title\" content=\"Jab\u00f3n de barra LPS X 4L - LPS\" \/>\n<meta property=\"og:description\" content=\"El Jab\u00f3n de Barra L\u00edquido Multiusos disuelve la suciedad de toda clase de superficies lavables con agua.   Remueve suciedad  Desmancha   Despercude sus prendas.  Se puede utilizar en:  Pisos, paredes, baldosas, y ba\u00f1os.  \u00daselo en el lavado de ropa blanca y de color  Presentaci\u00f3n: Gal\u00f3n x 4L  Incluido Iva  Ficha de datos de seguridad Jab\u00f3n de barra L\u00edquido  &nbsp;\" \/>\n<meta property=\"og:url\" content=\"https:\/\/laboratorioslps.com\/new\/product\/jabon-barra-lpsx4l\/\" \/>\n<meta property=\"og:site_name\" content=\"LPS\" \/>\n<meta property=\"article:publisher\" content=\"https:\/\/web.facebook.com\/LaboratoriosIndustrialesLPS\" \/>\n<meta property=\"article:modified_time\" content=\"2026-01-19T13:04:21+00:00\" \/>\n<meta property=\"og:image\" content=\"https:\/\/laboratorioslps.com\/new\/wp-content\/uploads\/2021\/04\/Jabon-en-barra-multiusos-LPS-X-4L.jpg\" \/>\n\t<meta property=\"og:image:width\" content=\"2000\" \/>\n\t<meta property=\"og:image:height\" content=\"2000\" \/>\n\t<meta property=\"og:image:type\" content=\"image\/jpeg\" \/>\n<meta name=\"twitter:card\" content=\"summary_large_image\" \/>\n<meta name=\"twitter:label1\" content=\"Tiempo de lectura\" \/>\n\t<meta name=\"twitter:data1\" content=\"1 minuto\" \/>\n<script type=\"application\/ld+json\" class=\"yoast-schema-graph\">{\"@context\":\"https:\\\/\\\/schema.org\",\"@graph\":[{\"@type\":\"WebPage\",\"@id\":\"https:\\\/\\\/laboratorioslps.com\\\/new\\\/product\\\/jabon-barra-lpsx4l\\\/\",\"url\":\"https:\\\/\\\/laboratorioslps.com\\\/new\\\/product\\\/jabon-barra-lpsx4l\\\/\",\"name\":\"Jab\u00f3n de barra LPS X 4L - LPS\",\"isPartOf\":{\"@id\":\"https:\\\/\\\/laboratorioslps.com\\\/new\\\/#website\"},\"primaryImageOfPage\":{\"@id\":\"https:\\\/\\\/laboratorioslps.com\\\/new\\\/product\\\/jabon-barra-lpsx4l\\\/#primaryimage\"},\"image\":{\"@id\":\"https:\\\/\\\/laboratorioslps.com\\\/new\\\/product\\\/jabon-barra-lpsx4l\\\/#primaryimage\"},\"thumbnailUrl\":\"https:\\\/\\\/laboratorioslps.com\\\/new\\\/wp-content\\\/uploads\\\/2021\\\/04\\\/Jabon-en-barra-multiusos-LPS-X-4L.jpg\",\"datePublished\":\"2021-04-12T17:25:08+00:00\",\"dateModified\":\"2026-01-19T13:04:21+00:00\",\"breadcrumb\":{\"@id\":\"https:\\\/\\\/laboratorioslps.com\\\/new\\\/product\\\/jabon-barra-lpsx4l\\\/#breadcrumb\"},\"inLanguage\":\"es\",\"potentialAction\":[{\"@type\":\"ReadAction\",\"target\":[\"https:\\\/\\\/laboratorioslps.com\\\/new\\\/product\\\/jabon-barra-lpsx4l\\\/\"]}]},{\"@type\":\"ImageObject\",\"inLanguage\":\"es\",\"@id\":\"https:\\\/\\\/laboratorioslps.com\\\/new\\\/product\\\/jabon-barra-lpsx4l\\\/#primaryimage\",\"url\":\"https:\\\/\\\/laboratorioslps.com\\\/new\\\/wp-content\\\/uploads\\\/2021\\\/04\\\/Jabon-en-barra-multiusos-LPS-X-4L.jpg\",\"contentUrl\":\"https:\\\/\\\/laboratorioslps.com\\\/new\\\/wp-content\\\/uploads\\\/2021\\\/04\\\/Jabon-en-barra-multiusos-LPS-X-4L.jpg\",\"width\":2000,\"height\":2000},{\"@type\":\"BreadcrumbList\",\"@id\":\"https:\\\/\\\/laboratorioslps.com\\\/new\\\/product\\\/jabon-barra-lpsx4l\\\/#breadcrumb\",\"itemListElement\":[{\"@type\":\"ListItem\",\"position\":1,\"name\":\"Portada\",\"item\":\"https:\\\/\\\/laboratorioslps.com\\\/new\\\/\"},{\"@type\":\"ListItem\",\"position\":2,\"name\":\"shop\",\"item\":\"https:\\\/\\\/laboratorioslps.com\\\/new\\\/tienda-2\\\/\"},{\"@type\":\"ListItem\",\"position\":3,\"name\":\"Jab\u00f3n de barra LPS X 4L\"}]},{\"@type\":\"WebSite\",\"@id\":\"https:\\\/\\\/laboratorioslps.com\\\/new\\\/#website\",\"url\":\"https:\\\/\\\/laboratorioslps.com\\\/new\\\/\",\"name\":\"laboratorioslps\",\"description\":\"Limpio, puro y suave.\",\"publisher\":{\"@id\":\"https:\\\/\\\/laboratorioslps.com\\\/new\\\/#organization\"},\"potentialAction\":[{\"@type\":\"SearchAction\",\"target\":{\"@type\":\"EntryPoint\",\"urlTemplate\":\"https:\\\/\\\/laboratorioslps.com\\\/new\\\/?s={search_term_string}\"},\"query-input\":{\"@type\":\"PropertyValueSpecification\",\"valueRequired\":true,\"valueName\":\"search_term_string\"}}],\"inLanguage\":\"es\"},{\"@type\":\"Organization\",\"@id\":\"https:\\\/\\\/laboratorioslps.com\\\/new\\\/#organization\",\"name\":\"Laboratorios Industriales LPS\",\"url\":\"https:\\\/\\\/laboratorioslps.com\\\/new\\\/\",\"logo\":{\"@type\":\"ImageObject\",\"inLanguage\":\"es\",\"@id\":\"https:\\\/\\\/laboratorioslps.com\\\/new\\\/#\\\/schema\\\/logo\\\/image\\\/\",\"url\":\"https:\\\/\\\/laboratorioslps.com\\\/new\\\/wp-content\\\/uploads\\\/2024\\\/07\\\/images-1.png\",\"contentUrl\":\"https:\\\/\\\/laboratorioslps.com\\\/new\\\/wp-content\\\/uploads\\\/2024\\\/07\\\/images-1.png\",\"width\":225,\"height\":225,\"caption\":\"Laboratorios Industriales LPS\"},\"image\":{\"@id\":\"https:\\\/\\\/laboratorioslps.com\\\/new\\\/#\\\/schema\\\/logo\\\/image\\\/\"},\"sameAs\":[\"https:\\\/\\\/web.facebook.com\\\/LaboratoriosIndustrialesLPS\",\"https:\\\/\\\/www.instagram.com\\\/laboratorioslps\\\/?hl=es\",\"https:\\\/\\\/co.linkedin.com\\\/company\\\/laboratorios-industriales-lps\"]}]}<\/script>\n<!-- \/ Yoast SEO plugin. -->","yoast_head_json":{"title":"Jab\u00f3n de barra LPS X 4L - LPS","robots":{"index":"index","follow":"follow","max-snippet":"max-snippet:-1","max-image-preview":"max-image-preview:large","max-video-preview":"max-video-preview:-1"},"canonical":"https:\/\/laboratorioslps.com\/new\/product\/jabon-barra-lpsx4l\/","og_locale":"es_ES","og_type":"article","og_title":"Jab\u00f3n de barra LPS X 4L - LPS","og_description":"El Jab\u00f3n de Barra L\u00edquido Multiusos disuelve la suciedad de toda clase de superficies lavables con agua.   Remueve suciedad  Desmancha   Despercude sus prendas.  Se puede utilizar en:  Pisos, paredes, baldosas, y ba\u00f1os.  \u00daselo en el lavado de ropa blanca y de color  Presentaci\u00f3n: Gal\u00f3n x 4L  Incluido Iva  Ficha de datos de seguridad Jab\u00f3n de barra L\u00edquido  &nbsp;","og_url":"https:\/\/laboratorioslps.com\/new\/product\/jabon-barra-lpsx4l\/","og_site_name":"LPS","article_publisher":"https:\/\/web.facebook.com\/LaboratoriosIndustrialesLPS","article_modified_time":"2026-01-19T13:04:21+00:00","og_image":[{"width":2000,"height":2000,"url":"https:\/\/laboratorioslps.com\/new\/wp-content\/uploads\/2021\/04\/Jabon-en-barra-multiusos-LPS-X-4L.jpg","type":"image\/jpeg"}],"twitter_card":"summary_large_image","twitter_misc":{"Tiempo de lectura":"1 minuto"},"schema":{"@context":"https:\/\/schema.org","@graph":[{"@type":"WebPage","@id":"https:\/\/laboratorioslps.com\/new\/product\/jabon-barra-lpsx4l\/","url":"https:\/\/laboratorioslps.com\/new\/product\/jabon-barra-lpsx4l\/","name":"Jab\u00f3n de barra LPS X 4L - LPS","isPartOf":{"@id":"https:\/\/laboratorioslps.com\/new\/#website"},"primaryImageOfPage":{"@id":"https:\/\/laboratorioslps.com\/new\/product\/jabon-barra-lpsx4l\/#primaryimage"},"image":{"@id":"https:\/\/laboratorioslps.com\/new\/product\/jabon-barra-lpsx4l\/#primaryimage"},"thumbnailUrl":"https:\/\/laboratorioslps.com\/new\/wp-content\/uploads\/2021\/04\/Jabon-en-barra-multiusos-LPS-X-4L.jpg","datePublished":"2021-04-12T17:25:08+00:00","dateModified":"2026-01-19T13:04:21+00:00","breadcrumb":{"@id":"https:\/\/laboratorioslps.com\/new\/product\/jabon-barra-lpsx4l\/#breadcrumb"},"inLanguage":"es","potentialAction":[{"@type":"ReadAction","target":["https:\/\/laboratorioslps.com\/new\/product\/jabon-barra-lpsx4l\/"]}]},{"@type":"ImageObject","inLanguage":"es","@id":"https:\/\/laboratorioslps.com\/new\/product\/jabon-barra-lpsx4l\/#primaryimage","url":"https:\/\/laboratorioslps.com\/new\/wp-content\/uploads\/2021\/04\/Jabon-en-barra-multiusos-LPS-X-4L.jpg","contentUrl":"https:\/\/laboratorioslps.com\/new\/wp-content\/uploads\/2021\/04\/Jabon-en-barra-multiusos-LPS-X-4L.jpg","width":2000,"height":2000},{"@type":"BreadcrumbList","@id":"https:\/\/laboratorioslps.com\/new\/product\/jabon-barra-lpsx4l\/#breadcrumb","itemListElement":[{"@type":"ListItem","position":1,"name":"Portada","item":"https:\/\/laboratorioslps.com\/new\/"},{"@type":"ListItem","position":2,"name":"shop","item":"https:\/\/laboratorioslps.com\/new\/tienda-2\/"},{"@type":"ListItem","position":3,"name":"Jab\u00f3n de barra LPS X 4L"}]},{"@type":"WebSite","@id":"https:\/\/laboratorioslps.com\/new\/#website","url":"https:\/\/laboratorioslps.com\/new\/","name":"laboratorioslps","description":"Limpio, puro y suave.","publisher":{"@id":"https:\/\/laboratorioslps.com\/new\/#organization"},"potentialAction":[{"@type":"SearchAction","target":{"@type":"EntryPoint","urlTemplate":"https:\/\/laboratorioslps.com\/new\/?s={search_term_string}"},"query-input":{"@type":"PropertyValueSpecification","valueRequired":true,"valueName":"search_term_string"}}],"inLanguage":"es"},{"@type":"Organization","@id":"https:\/\/laboratorioslps.com\/new\/#organization","name":"Laboratorios Industriales LPS","url":"https:\/\/laboratorioslps.com\/new\/","logo":{"@type":"ImageObject","inLanguage":"es","@id":"https:\/\/laboratorioslps.com\/new\/#\/schema\/logo\/image\/","url":"https:\/\/laboratorioslps.com\/new\/wp-content\/uploads\/2024\/07\/images-1.png","contentUrl":"https:\/\/laboratorioslps.com\/new\/wp-content\/uploads\/2024\/07\/images-1.png","width":225,"height":225,"caption":"Laboratorios Industriales LPS"},"image":{"@id":"https:\/\/laboratorioslps.com\/new\/#\/schema\/logo\/image\/"},"sameAs":["https:\/\/web.facebook.com\/LaboratoriosIndustrialesLPS","https:\/\/www.instagram.com\/laboratorioslps\/?hl=es","https:\/\/co.linkedin.com\/company\/laboratorios-industriales-lps"]}]}},"_links":{"self":[{"href":"https:\/\/laboratorioslps.com\/new\/wp-json\/wp\/v2\/product\/2330","targetHints":{"allow":["GET"]}}],"collection":[{"href":"https:\/\/laboratorioslps.com\/new\/wp-json\/wp\/v2\/product"}],"about":[{"href":"https:\/\/laboratorioslps.com\/new\/wp-json\/wp\/v2\/types\/product"}],"replies":[{"embeddable":true,"href":"https:\/\/laboratorioslps.com\/new\/wp-json\/wp\/v2\/comments?post=2330"}],"version-history":[{"count":7,"href":"https:\/\/laboratorioslps.com\/new\/wp-json\/wp\/v2\/product\/2330\/revisions"}],"predecessor-version":[{"id":5359,"href":"https:\/\/laboratorioslps.com\/new\/wp-json\/wp\/v2\/product\/2330\/revisions\/5359"}],"wp:featuredmedia":[{"embeddable":true,"href":"https:\/\/laboratorioslps.com\/new\/wp-json\/wp\/v2\/media\/5357"}],"wp:attachment":[{"href":"https:\/\/laboratorioslps.com\/new\/wp-json\/wp\/v2\/media?parent=2330"}],"wp:term":[{"taxonomy":"product_brand","embeddable":true,"href":"https:\/\/laboratorioslps.com\/new\/wp-json\/wp\/v2\/product_brand?post=2330"},{"taxonomy":"product_cat","embeddable":true,"href":"https:\/\/laboratorioslps.com\/new\/wp-json\/wp\/v2\/product_cat?post=2330"},{"taxonomy":"product_tag","embeddable":true,"href":"https:\/\/laboratorioslps.com\/new\/wp-json\/wp\/v2\/product_tag?post=2330"}],"curies":[{"name":"wp","href":"https:\/\/api.w.org\/{rel}","templated":true}]}}