{"id":4813,"date":"2025-01-31T14:57:12","date_gmt":"2025-01-31T14:57:12","guid":{"rendered":"https:\/\/laboratorioslps.com\/new\/?post_type=product&#038;p=4813"},"modified":"2026-01-19T12:56:06","modified_gmt":"2026-01-19T12:56:06","slug":"bano-de-espuma-lps-x-1l","status":"publish","type":"product","link":"https:\/\/laboratorioslps.com\/new\/product\/bano-de-espuma-lps-x-1l\/","title":{"rendered":"Ba\u00f1o de espuma especial 1L"},"content":{"rendered":"","protected":false},"excerpt":{"rendered":"<p><strong>El Ba\u00f1o de Espuma Especial<\/strong> ofrece una experiencia <strong>relajante<\/strong> y envolvente, perfumada con el suave y natural <strong>aroma a avena<\/strong>. Ideal para <strong>Jacuzzis, tinas y ba\u00f1eras<\/strong>, su f\u00f3rmula crea una <strong>espuma abundante<\/strong> que cuida tu piel y proporciona una <strong>sensaci\u00f3n \u00fanica de bienestar<\/strong>.<\/p>\n<p>Presentaci\u00f3n: Frasco 1 L<\/p>\n<p><strong>Incluido Iva<\/strong><\/p>\n<p><strong><a href=\"https:\/\/laboratorioslps.com\/new\/wp-content\/uploads\/2025\/02\/PD-OT-429-FICHA-DE-DATOS-DE-SEGURIDAD-BANO-DE-ESPUMA-ESPECIAL-PARA-TINAS-JACUZZI.pdf\">Ficha de datos de seguridad ba\u00f1o de espuma especial para tinas &amp; jacuzzi<\/a><\/strong><\/p>\n<p>&nbsp;<\/p>\n","protected":false},"featured_media":5798,"comment_status":"open","ping_status":"closed","template":"","meta":{"_acf_changed":false},"product_brand":[64],"product_cat":[44],"product_tag":[],"class_list":{"0":"post-4813","1":"product","2":"type-product","3":"status-publish","4":"has-post-thumbnail","6":"product_brand-lps","7":"product_cat-cuidado-personal","9":"first","10":"instock","11":"shipping-taxable","12":"purchasable","13":"product-type-simple"},"acf":[],"yoast_head":"<!-- This site is optimized with the Yoast SEO plugin v27.3 - https:\/\/yoast.com\/product\/yoast-seo-wordpress\/ -->\n<title>Ba\u00f1o de espuma especial 1L - LPS<\/title>\n<meta name=\"description\" content=\"Disfruta de un ba\u00f1o relajante con nuestro Ba\u00f1o de Espuma Especial, con un delicado aroma a avena. Perfecto para Jacuzzis, tinas y ba\u00f1eras.\" \/>\n<meta name=\"robots\" content=\"index, follow, max-snippet:-1, max-image-preview:large, max-video-preview:-1\" \/>\n<link rel=\"canonical\" href=\"https:\/\/laboratorioslps.com\/new\/product\/bano-de-espuma-lps-x-1l\/\" \/>\n<meta property=\"og:locale\" content=\"es_ES\" \/>\n<meta property=\"og:type\" content=\"article\" \/>\n<meta property=\"og:title\" content=\"Ba\u00f1o de espuma especial 1L - LPS\" \/>\n<meta property=\"og:description\" content=\"Disfruta de un ba\u00f1o relajante con nuestro Ba\u00f1o de Espuma Especial, con un delicado aroma a avena. Perfecto para Jacuzzis, tinas y ba\u00f1eras.\" \/>\n<meta property=\"og:url\" content=\"https:\/\/laboratorioslps.com\/new\/product\/bano-de-espuma-lps-x-1l\/\" \/>\n<meta property=\"og:site_name\" content=\"LPS\" \/>\n<meta property=\"article:publisher\" content=\"https:\/\/web.facebook.com\/LaboratoriosIndustrialesLPS\" \/>\n<meta property=\"article:modified_time\" content=\"2026-01-19T12:56:06+00:00\" \/>\n<meta property=\"og:image\" content=\"https:\/\/laboratorioslps.com\/new\/wp-content\/uploads\/2025\/01\/Bano-de-espuma-LPS-x-1L-2.jpg\" \/>\n\t<meta property=\"og:image:width\" content=\"2000\" \/>\n\t<meta property=\"og:image:height\" content=\"2000\" \/>\n\t<meta property=\"og:image:type\" content=\"image\/jpeg\" \/>\n<meta name=\"twitter:card\" content=\"summary_large_image\" \/>\n<meta name=\"twitter:label1\" content=\"Tiempo de lectura\" \/>\n\t<meta name=\"twitter:data1\" content=\"1 minuto\" \/>\n<script type=\"application\/ld+json\" class=\"yoast-schema-graph\">{\"@context\":\"https:\\\/\\\/schema.org\",\"@graph\":[{\"@type\":\"WebPage\",\"@id\":\"https:\\\/\\\/laboratorioslps.com\\\/new\\\/product\\\/bano-de-espuma-lps-x-1l\\\/\",\"url\":\"https:\\\/\\\/laboratorioslps.com\\\/new\\\/product\\\/bano-de-espuma-lps-x-1l\\\/\",\"name\":\"Ba\u00f1o de espuma especial 1L - LPS\",\"isPartOf\":{\"@id\":\"https:\\\/\\\/laboratorioslps.com\\\/new\\\/#website\"},\"primaryImageOfPage\":{\"@id\":\"https:\\\/\\\/laboratorioslps.com\\\/new\\\/product\\\/bano-de-espuma-lps-x-1l\\\/#primaryimage\"},\"image\":{\"@id\":\"https:\\\/\\\/laboratorioslps.com\\\/new\\\/product\\\/bano-de-espuma-lps-x-1l\\\/#primaryimage\"},\"thumbnailUrl\":\"https:\\\/\\\/laboratorioslps.com\\\/new\\\/wp-content\\\/uploads\\\/2025\\\/01\\\/Bano-de-espuma-LPS-x-1L-2.jpg\",\"datePublished\":\"2025-01-31T14:57:12+00:00\",\"dateModified\":\"2026-01-19T12:56:06+00:00\",\"description\":\"Disfruta de un ba\u00f1o relajante con nuestro Ba\u00f1o de Espuma Especial, con un delicado aroma a avena. Perfecto para Jacuzzis, tinas y ba\u00f1eras.\",\"breadcrumb\":{\"@id\":\"https:\\\/\\\/laboratorioslps.com\\\/new\\\/product\\\/bano-de-espuma-lps-x-1l\\\/#breadcrumb\"},\"inLanguage\":\"es\",\"potentialAction\":[{\"@type\":\"ReadAction\",\"target\":[\"https:\\\/\\\/laboratorioslps.com\\\/new\\\/product\\\/bano-de-espuma-lps-x-1l\\\/\"]}]},{\"@type\":\"ImageObject\",\"inLanguage\":\"es\",\"@id\":\"https:\\\/\\\/laboratorioslps.com\\\/new\\\/product\\\/bano-de-espuma-lps-x-1l\\\/#primaryimage\",\"url\":\"https:\\\/\\\/laboratorioslps.com\\\/new\\\/wp-content\\\/uploads\\\/2025\\\/01\\\/Bano-de-espuma-LPS-x-1L-2.jpg\",\"contentUrl\":\"https:\\\/\\\/laboratorioslps.com\\\/new\\\/wp-content\\\/uploads\\\/2025\\\/01\\\/Bano-de-espuma-LPS-x-1L-2.jpg\",\"width\":2000,\"height\":2000},{\"@type\":\"BreadcrumbList\",\"@id\":\"https:\\\/\\\/laboratorioslps.com\\\/new\\\/product\\\/bano-de-espuma-lps-x-1l\\\/#breadcrumb\",\"itemListElement\":[{\"@type\":\"ListItem\",\"position\":1,\"name\":\"Portada\",\"item\":\"https:\\\/\\\/laboratorioslps.com\\\/new\\\/\"},{\"@type\":\"ListItem\",\"position\":2,\"name\":\"shop\",\"item\":\"https:\\\/\\\/laboratorioslps.com\\\/new\\\/tienda-2\\\/\"},{\"@type\":\"ListItem\",\"position\":3,\"name\":\"Ba\u00f1o de espuma especial 1L\"}]},{\"@type\":\"WebSite\",\"@id\":\"https:\\\/\\\/laboratorioslps.com\\\/new\\\/#website\",\"url\":\"https:\\\/\\\/laboratorioslps.com\\\/new\\\/\",\"name\":\"laboratorioslps\",\"description\":\"Limpio, puro y suave.\",\"publisher\":{\"@id\":\"https:\\\/\\\/laboratorioslps.com\\\/new\\\/#organization\"},\"potentialAction\":[{\"@type\":\"SearchAction\",\"target\":{\"@type\":\"EntryPoint\",\"urlTemplate\":\"https:\\\/\\\/laboratorioslps.com\\\/new\\\/?s={search_term_string}\"},\"query-input\":{\"@type\":\"PropertyValueSpecification\",\"valueRequired\":true,\"valueName\":\"search_term_string\"}}],\"inLanguage\":\"es\"},{\"@type\":\"Organization\",\"@id\":\"https:\\\/\\\/laboratorioslps.com\\\/new\\\/#organization\",\"name\":\"Laboratorios Industriales LPS\",\"url\":\"https:\\\/\\\/laboratorioslps.com\\\/new\\\/\",\"logo\":{\"@type\":\"ImageObject\",\"inLanguage\":\"es\",\"@id\":\"https:\\\/\\\/laboratorioslps.com\\\/new\\\/#\\\/schema\\\/logo\\\/image\\\/\",\"url\":\"https:\\\/\\\/laboratorioslps.com\\\/new\\\/wp-content\\\/uploads\\\/2024\\\/07\\\/images-1.png\",\"contentUrl\":\"https:\\\/\\\/laboratorioslps.com\\\/new\\\/wp-content\\\/uploads\\\/2024\\\/07\\\/images-1.png\",\"width\":225,\"height\":225,\"caption\":\"Laboratorios Industriales LPS\"},\"image\":{\"@id\":\"https:\\\/\\\/laboratorioslps.com\\\/new\\\/#\\\/schema\\\/logo\\\/image\\\/\"},\"sameAs\":[\"https:\\\/\\\/web.facebook.com\\\/LaboratoriosIndustrialesLPS\",\"https:\\\/\\\/www.instagram.com\\\/laboratorioslps\\\/?hl=es\",\"https:\\\/\\\/co.linkedin.com\\\/company\\\/laboratorios-industriales-lps\"]}]}<\/script>\n<!-- \/ Yoast SEO plugin. -->","yoast_head_json":{"title":"Ba\u00f1o de espuma especial 1L - LPS","description":"Disfruta de un ba\u00f1o relajante con nuestro Ba\u00f1o de Espuma Especial, con un delicado aroma a avena. Perfecto para Jacuzzis, tinas y ba\u00f1eras.","robots":{"index":"index","follow":"follow","max-snippet":"max-snippet:-1","max-image-preview":"max-image-preview:large","max-video-preview":"max-video-preview:-1"},"canonical":"https:\/\/laboratorioslps.com\/new\/product\/bano-de-espuma-lps-x-1l\/","og_locale":"es_ES","og_type":"article","og_title":"Ba\u00f1o de espuma especial 1L - LPS","og_description":"Disfruta de un ba\u00f1o relajante con nuestro Ba\u00f1o de Espuma Especial, con un delicado aroma a avena. Perfecto para Jacuzzis, tinas y ba\u00f1eras.","og_url":"https:\/\/laboratorioslps.com\/new\/product\/bano-de-espuma-lps-x-1l\/","og_site_name":"LPS","article_publisher":"https:\/\/web.facebook.com\/LaboratoriosIndustrialesLPS","article_modified_time":"2026-01-19T12:56:06+00:00","og_image":[{"width":2000,"height":2000,"url":"https:\/\/laboratorioslps.com\/new\/wp-content\/uploads\/2025\/01\/Bano-de-espuma-LPS-x-1L-2.jpg","type":"image\/jpeg"}],"twitter_card":"summary_large_image","twitter_misc":{"Tiempo de lectura":"1 minuto"},"schema":{"@context":"https:\/\/schema.org","@graph":[{"@type":"WebPage","@id":"https:\/\/laboratorioslps.com\/new\/product\/bano-de-espuma-lps-x-1l\/","url":"https:\/\/laboratorioslps.com\/new\/product\/bano-de-espuma-lps-x-1l\/","name":"Ba\u00f1o de espuma especial 1L - LPS","isPartOf":{"@id":"https:\/\/laboratorioslps.com\/new\/#website"},"primaryImageOfPage":{"@id":"https:\/\/laboratorioslps.com\/new\/product\/bano-de-espuma-lps-x-1l\/#primaryimage"},"image":{"@id":"https:\/\/laboratorioslps.com\/new\/product\/bano-de-espuma-lps-x-1l\/#primaryimage"},"thumbnailUrl":"https:\/\/laboratorioslps.com\/new\/wp-content\/uploads\/2025\/01\/Bano-de-espuma-LPS-x-1L-2.jpg","datePublished":"2025-01-31T14:57:12+00:00","dateModified":"2026-01-19T12:56:06+00:00","description":"Disfruta de un ba\u00f1o relajante con nuestro Ba\u00f1o de Espuma Especial, con un delicado aroma a avena. Perfecto para Jacuzzis, tinas y ba\u00f1eras.","breadcrumb":{"@id":"https:\/\/laboratorioslps.com\/new\/product\/bano-de-espuma-lps-x-1l\/#breadcrumb"},"inLanguage":"es","potentialAction":[{"@type":"ReadAction","target":["https:\/\/laboratorioslps.com\/new\/product\/bano-de-espuma-lps-x-1l\/"]}]},{"@type":"ImageObject","inLanguage":"es","@id":"https:\/\/laboratorioslps.com\/new\/product\/bano-de-espuma-lps-x-1l\/#primaryimage","url":"https:\/\/laboratorioslps.com\/new\/wp-content\/uploads\/2025\/01\/Bano-de-espuma-LPS-x-1L-2.jpg","contentUrl":"https:\/\/laboratorioslps.com\/new\/wp-content\/uploads\/2025\/01\/Bano-de-espuma-LPS-x-1L-2.jpg","width":2000,"height":2000},{"@type":"BreadcrumbList","@id":"https:\/\/laboratorioslps.com\/new\/product\/bano-de-espuma-lps-x-1l\/#breadcrumb","itemListElement":[{"@type":"ListItem","position":1,"name":"Portada","item":"https:\/\/laboratorioslps.com\/new\/"},{"@type":"ListItem","position":2,"name":"shop","item":"https:\/\/laboratorioslps.com\/new\/tienda-2\/"},{"@type":"ListItem","position":3,"name":"Ba\u00f1o de espuma especial 1L"}]},{"@type":"WebSite","@id":"https:\/\/laboratorioslps.com\/new\/#website","url":"https:\/\/laboratorioslps.com\/new\/","name":"laboratorioslps","description":"Limpio, puro y suave.","publisher":{"@id":"https:\/\/laboratorioslps.com\/new\/#organization"},"potentialAction":[{"@type":"SearchAction","target":{"@type":"EntryPoint","urlTemplate":"https:\/\/laboratorioslps.com\/new\/?s={search_term_string}"},"query-input":{"@type":"PropertyValueSpecification","valueRequired":true,"valueName":"search_term_string"}}],"inLanguage":"es"},{"@type":"Organization","@id":"https:\/\/laboratorioslps.com\/new\/#organization","name":"Laboratorios Industriales LPS","url":"https:\/\/laboratorioslps.com\/new\/","logo":{"@type":"ImageObject","inLanguage":"es","@id":"https:\/\/laboratorioslps.com\/new\/#\/schema\/logo\/image\/","url":"https:\/\/laboratorioslps.com\/new\/wp-content\/uploads\/2024\/07\/images-1.png","contentUrl":"https:\/\/laboratorioslps.com\/new\/wp-content\/uploads\/2024\/07\/images-1.png","width":225,"height":225,"caption":"Laboratorios Industriales LPS"},"image":{"@id":"https:\/\/laboratorioslps.com\/new\/#\/schema\/logo\/image\/"},"sameAs":["https:\/\/web.facebook.com\/LaboratoriosIndustrialesLPS","https:\/\/www.instagram.com\/laboratorioslps\/?hl=es","https:\/\/co.linkedin.com\/company\/laboratorios-industriales-lps"]}]}},"_links":{"self":[{"href":"https:\/\/laboratorioslps.com\/new\/wp-json\/wp\/v2\/product\/4813","targetHints":{"allow":["GET"]}}],"collection":[{"href":"https:\/\/laboratorioslps.com\/new\/wp-json\/wp\/v2\/product"}],"about":[{"href":"https:\/\/laboratorioslps.com\/new\/wp-json\/wp\/v2\/types\/product"}],"replies":[{"embeddable":true,"href":"https:\/\/laboratorioslps.com\/new\/wp-json\/wp\/v2\/comments?post=4813"}],"version-history":[{"count":5,"href":"https:\/\/laboratorioslps.com\/new\/wp-json\/wp\/v2\/product\/4813\/revisions"}],"predecessor-version":[{"id":5799,"href":"https:\/\/laboratorioslps.com\/new\/wp-json\/wp\/v2\/product\/4813\/revisions\/5799"}],"wp:featuredmedia":[{"embeddable":true,"href":"https:\/\/laboratorioslps.com\/new\/wp-json\/wp\/v2\/media\/5798"}],"wp:attachment":[{"href":"https:\/\/laboratorioslps.com\/new\/wp-json\/wp\/v2\/media?parent=4813"}],"wp:term":[{"taxonomy":"product_brand","embeddable":true,"href":"https:\/\/laboratorioslps.com\/new\/wp-json\/wp\/v2\/product_brand?post=4813"},{"taxonomy":"product_cat","embeddable":true,"href":"https:\/\/laboratorioslps.com\/new\/wp-json\/wp\/v2\/product_cat?post=4813"},{"taxonomy":"product_tag","embeddable":true,"href":"https:\/\/laboratorioslps.com\/new\/wp-json\/wp\/v2\/product_tag?post=4813"}],"curies":[{"name":"wp","href":"https:\/\/api.w.org\/{rel}","templated":true}]}}