{"id":5426,"date":"2025-08-04T16:31:04","date_gmt":"2025-08-04T16:31:04","guid":{"rendered":"https:\/\/laboratorioslps.com\/new\/?post_type=product&#038;p=5426"},"modified":"2026-04-07T14:56:25","modified_gmt":"2026-04-07T14:56:25","slug":"jabon-liquido-para-manos-sin-aroma","status":"publish","type":"product","link":"https:\/\/laboratorioslps.com\/new\/product\/jabon-liquido-para-manos-sin-aroma\/","title":{"rendered":"Jab\u00f3n para Manos Neutro 1L"},"content":{"rendered":"","protected":false},"excerpt":{"rendered":"<p>El <strong data-start=\"672\" data-end=\"710\">jab\u00f3n l\u00edquido para manos sin aroma<\/strong> es la opci\u00f3n ideal para una limpieza efectiva y segura, dise\u00f1ada para cuidar la piel sin alterar su equilibrio natural. Su f\u00f3rmula neutra, sin colorantes ni fragancias, lo hace perfecto para el uso frecuente en hogares, oficinas y espacios institucionales.<\/p>\n<p><strong>Contenido Neto:<\/strong> 1L<\/p>\n<p><strong>IVA Inclu\u00eddo en el precio<\/strong><\/p>\n<p><strong><a href=\"https:\/\/laboratorioslps.com\/new\/wp-content\/uploads\/2025\/02\/PD-OT-131-FICHA-DE-DATOS-DE-SEGURIDAD-JABON-LIQUIDO-PARA-MANOS.pdf\" target=\"_blank\" rel=\"noopener noreferrer\">Da clic aqu\u00ed para ver o descargar la Ficha de datos de seguridad Jab\u00f3n l\u00edquido para manos sin aroma<\/a><\/strong><\/p>\n","protected":false},"featured_media":5432,"comment_status":"open","ping_status":"closed","template":"","meta":{"_acf_changed":false},"product_brand":[64],"product_cat":[44],"product_tag":[],"class_list":{"0":"post-5426","1":"product","2":"type-product","3":"status-publish","4":"has-post-thumbnail","6":"product_brand-lps","7":"product_cat-cuidado-personal","9":"first","10":"instock","11":"shipping-taxable","12":"purchasable","13":"product-type-simple"},"acf":[],"yoast_head":"<!-- This site is optimized with the Yoast SEO plugin v27.3 - https:\/\/yoast.com\/product\/yoast-seo-wordpress\/ -->\n<title>Jab\u00f3n para Manos Neutro 1L - Cuidado Suave y Efectivo<\/title>\n<meta name=\"description\" content=\"Compra Jab\u00f3n para Manos Neutro 1L. Limpia sin afectar la piel. Ideal para el cuidado personal. \u00a1Haz tu pedido ahora por solo $7.462!\" \/>\n<meta name=\"robots\" content=\"index, follow, max-snippet:-1, max-image-preview:large, max-video-preview:-1\" \/>\n<link rel=\"canonical\" href=\"https:\/\/laboratorioslps.com\/new\/product\/jabon-liquido-para-manos-sin-aroma\/\" \/>\n<meta property=\"og:locale\" content=\"es_ES\" \/>\n<meta property=\"og:type\" content=\"article\" \/>\n<meta property=\"og:title\" content=\"Jab\u00f3n para Manos Neutro 1L: Suave y Efectivo\" \/>\n<meta property=\"og:description\" content=\"Limpieza efectiva y suave para tus manos con LPS.\" \/>\n<meta property=\"og:url\" content=\"https:\/\/laboratorioslps.com\/new\/product\/jabon-liquido-para-manos-sin-aroma\/\" \/>\n<meta property=\"og:site_name\" content=\"LPS\" \/>\n<meta property=\"article:publisher\" content=\"https:\/\/web.facebook.com\/LaboratoriosIndustrialesLPS\" \/>\n<meta property=\"article:modified_time\" content=\"2026-04-07T14:56:25+00:00\" \/>\n<meta property=\"og:image\" content=\"https:\/\/laboratorioslps.com\/new\/wp-content\/uploads\/2025\/08\/Jabon-para-manos-Neutro-LPS-X-1L-1.jpg\" \/>\n\t<meta property=\"og:image:width\" content=\"2000\" \/>\n\t<meta property=\"og:image:height\" content=\"2000\" \/>\n\t<meta property=\"og:image:type\" content=\"image\/jpeg\" \/>\n<meta name=\"twitter:card\" content=\"summary_large_image\" \/>\n<meta name=\"twitter:title\" content=\"Jab\u00f3n para Manos Neutro 1L: Cuidado Suave y Efectivo\" \/>\n<meta name=\"twitter:description\" content=\"Limpieza suave y efectiva para tus manos. \u00a1C\u00f3mpralo ya!\" \/>\n<meta name=\"twitter:label1\" content=\"Tiempo de lectura\" \/>\n\t<meta name=\"twitter:data1\" content=\"1 minuto\" \/>\n<script type=\"application\/ld+json\" class=\"yoast-schema-graph\">{\"@context\":\"https:\\\/\\\/schema.org\",\"@graph\":[{\"@type\":\"WebPage\",\"@id\":\"https:\\\/\\\/laboratorioslps.com\\\/new\\\/product\\\/jabon-liquido-para-manos-sin-aroma\\\/\",\"url\":\"https:\\\/\\\/laboratorioslps.com\\\/new\\\/product\\\/jabon-liquido-para-manos-sin-aroma\\\/\",\"name\":\"Jab\u00f3n para Manos Neutro 1L - Cuidado Suave y Efectivo\",\"isPartOf\":{\"@id\":\"https:\\\/\\\/laboratorioslps.com\\\/new\\\/#website\"},\"primaryImageOfPage\":{\"@id\":\"https:\\\/\\\/laboratorioslps.com\\\/new\\\/product\\\/jabon-liquido-para-manos-sin-aroma\\\/#primaryimage\"},\"image\":{\"@id\":\"https:\\\/\\\/laboratorioslps.com\\\/new\\\/product\\\/jabon-liquido-para-manos-sin-aroma\\\/#primaryimage\"},\"thumbnailUrl\":\"https:\\\/\\\/laboratorioslps.com\\\/new\\\/wp-content\\\/uploads\\\/2025\\\/08\\\/Jabon-para-manos-Neutro-LPS-X-1L-1.jpg\",\"datePublished\":\"2025-08-04T16:31:04+00:00\",\"dateModified\":\"2026-04-07T14:56:25+00:00\",\"description\":\"Compra Jab\u00f3n para Manos Neutro 1L. Limpia sin afectar la piel. Ideal para el cuidado personal. \u00a1Haz tu pedido ahora por solo $7.462!\",\"breadcrumb\":{\"@id\":\"https:\\\/\\\/laboratorioslps.com\\\/new\\\/product\\\/jabon-liquido-para-manos-sin-aroma\\\/#breadcrumb\"},\"inLanguage\":\"es\",\"potentialAction\":[{\"@type\":\"ReadAction\",\"target\":[\"https:\\\/\\\/laboratorioslps.com\\\/new\\\/product\\\/jabon-liquido-para-manos-sin-aroma\\\/\"]}]},{\"@type\":\"ImageObject\",\"inLanguage\":\"es\",\"@id\":\"https:\\\/\\\/laboratorioslps.com\\\/new\\\/product\\\/jabon-liquido-para-manos-sin-aroma\\\/#primaryimage\",\"url\":\"https:\\\/\\\/laboratorioslps.com\\\/new\\\/wp-content\\\/uploads\\\/2025\\\/08\\\/Jabon-para-manos-Neutro-LPS-X-1L-1.jpg\",\"contentUrl\":\"https:\\\/\\\/laboratorioslps.com\\\/new\\\/wp-content\\\/uploads\\\/2025\\\/08\\\/Jabon-para-manos-Neutro-LPS-X-1L-1.jpg\",\"width\":2000,\"height\":2000},{\"@type\":\"BreadcrumbList\",\"@id\":\"https:\\\/\\\/laboratorioslps.com\\\/new\\\/product\\\/jabon-liquido-para-manos-sin-aroma\\\/#breadcrumb\",\"itemListElement\":[{\"@type\":\"ListItem\",\"position\":1,\"name\":\"Portada\",\"item\":\"https:\\\/\\\/laboratorioslps.com\\\/new\\\/\"},{\"@type\":\"ListItem\",\"position\":2,\"name\":\"shop\",\"item\":\"https:\\\/\\\/laboratorioslps.com\\\/new\\\/tienda-2\\\/\"},{\"@type\":\"ListItem\",\"position\":3,\"name\":\"Jab\u00f3n l\u00edquido para manos sin aroma\"}]},{\"@type\":\"WebSite\",\"@id\":\"https:\\\/\\\/laboratorioslps.com\\\/new\\\/#website\",\"url\":\"https:\\\/\\\/laboratorioslps.com\\\/new\\\/\",\"name\":\"laboratorioslps\",\"description\":\"Limpio, puro y suave.\",\"publisher\":{\"@id\":\"https:\\\/\\\/laboratorioslps.com\\\/new\\\/#organization\"},\"potentialAction\":[{\"@type\":\"SearchAction\",\"target\":{\"@type\":\"EntryPoint\",\"urlTemplate\":\"https:\\\/\\\/laboratorioslps.com\\\/new\\\/?s={search_term_string}\"},\"query-input\":{\"@type\":\"PropertyValueSpecification\",\"valueRequired\":true,\"valueName\":\"search_term_string\"}}],\"inLanguage\":\"es\"},{\"@type\":\"Organization\",\"@id\":\"https:\\\/\\\/laboratorioslps.com\\\/new\\\/#organization\",\"name\":\"Laboratorios Industriales LPS\",\"url\":\"https:\\\/\\\/laboratorioslps.com\\\/new\\\/\",\"logo\":{\"@type\":\"ImageObject\",\"inLanguage\":\"es\",\"@id\":\"https:\\\/\\\/laboratorioslps.com\\\/new\\\/#\\\/schema\\\/logo\\\/image\\\/\",\"url\":\"https:\\\/\\\/laboratorioslps.com\\\/new\\\/wp-content\\\/uploads\\\/2024\\\/07\\\/images-1.png\",\"contentUrl\":\"https:\\\/\\\/laboratorioslps.com\\\/new\\\/wp-content\\\/uploads\\\/2024\\\/07\\\/images-1.png\",\"width\":225,\"height\":225,\"caption\":\"Laboratorios Industriales LPS\"},\"image\":{\"@id\":\"https:\\\/\\\/laboratorioslps.com\\\/new\\\/#\\\/schema\\\/logo\\\/image\\\/\"},\"sameAs\":[\"https:\\\/\\\/web.facebook.com\\\/LaboratoriosIndustrialesLPS\",\"https:\\\/\\\/www.instagram.com\\\/laboratorioslps\\\/?hl=es\",\"https:\\\/\\\/co.linkedin.com\\\/company\\\/laboratorios-industriales-lps\"]}]}<\/script>\n<!-- \/ Yoast SEO plugin. -->","yoast_head_json":{"title":"Jab\u00f3n para Manos Neutro 1L - Cuidado Suave y Efectivo","description":"Compra Jab\u00f3n para Manos Neutro 1L. Limpia sin afectar la piel. Ideal para el cuidado personal. \u00a1Haz tu pedido ahora por solo $7.462!","robots":{"index":"index","follow":"follow","max-snippet":"max-snippet:-1","max-image-preview":"max-image-preview:large","max-video-preview":"max-video-preview:-1"},"canonical":"https:\/\/laboratorioslps.com\/new\/product\/jabon-liquido-para-manos-sin-aroma\/","og_locale":"es_ES","og_type":"article","og_title":"Jab\u00f3n para Manos Neutro 1L: Suave y Efectivo","og_description":"Limpieza efectiva y suave para tus manos con LPS.","og_url":"https:\/\/laboratorioslps.com\/new\/product\/jabon-liquido-para-manos-sin-aroma\/","og_site_name":"LPS","article_publisher":"https:\/\/web.facebook.com\/LaboratoriosIndustrialesLPS","article_modified_time":"2026-04-07T14:56:25+00:00","og_image":[{"width":2000,"height":2000,"url":"https:\/\/laboratorioslps.com\/new\/wp-content\/uploads\/2025\/08\/Jabon-para-manos-Neutro-LPS-X-1L-1.jpg","type":"image\/jpeg"}],"twitter_card":"summary_large_image","twitter_title":"Jab\u00f3n para Manos Neutro 1L: Cuidado Suave y Efectivo","twitter_description":"Limpieza suave y efectiva para tus manos. \u00a1C\u00f3mpralo ya!","twitter_misc":{"Tiempo de lectura":"1 minuto"},"schema":{"@context":"https:\/\/schema.org","@graph":[{"@type":"WebPage","@id":"https:\/\/laboratorioslps.com\/new\/product\/jabon-liquido-para-manos-sin-aroma\/","url":"https:\/\/laboratorioslps.com\/new\/product\/jabon-liquido-para-manos-sin-aroma\/","name":"Jab\u00f3n para Manos Neutro 1L - Cuidado Suave y Efectivo","isPartOf":{"@id":"https:\/\/laboratorioslps.com\/new\/#website"},"primaryImageOfPage":{"@id":"https:\/\/laboratorioslps.com\/new\/product\/jabon-liquido-para-manos-sin-aroma\/#primaryimage"},"image":{"@id":"https:\/\/laboratorioslps.com\/new\/product\/jabon-liquido-para-manos-sin-aroma\/#primaryimage"},"thumbnailUrl":"https:\/\/laboratorioslps.com\/new\/wp-content\/uploads\/2025\/08\/Jabon-para-manos-Neutro-LPS-X-1L-1.jpg","datePublished":"2025-08-04T16:31:04+00:00","dateModified":"2026-04-07T14:56:25+00:00","description":"Compra Jab\u00f3n para Manos Neutro 1L. Limpia sin afectar la piel. Ideal para el cuidado personal. \u00a1Haz tu pedido ahora por solo $7.462!","breadcrumb":{"@id":"https:\/\/laboratorioslps.com\/new\/product\/jabon-liquido-para-manos-sin-aroma\/#breadcrumb"},"inLanguage":"es","potentialAction":[{"@type":"ReadAction","target":["https:\/\/laboratorioslps.com\/new\/product\/jabon-liquido-para-manos-sin-aroma\/"]}]},{"@type":"ImageObject","inLanguage":"es","@id":"https:\/\/laboratorioslps.com\/new\/product\/jabon-liquido-para-manos-sin-aroma\/#primaryimage","url":"https:\/\/laboratorioslps.com\/new\/wp-content\/uploads\/2025\/08\/Jabon-para-manos-Neutro-LPS-X-1L-1.jpg","contentUrl":"https:\/\/laboratorioslps.com\/new\/wp-content\/uploads\/2025\/08\/Jabon-para-manos-Neutro-LPS-X-1L-1.jpg","width":2000,"height":2000},{"@type":"BreadcrumbList","@id":"https:\/\/laboratorioslps.com\/new\/product\/jabon-liquido-para-manos-sin-aroma\/#breadcrumb","itemListElement":[{"@type":"ListItem","position":1,"name":"Portada","item":"https:\/\/laboratorioslps.com\/new\/"},{"@type":"ListItem","position":2,"name":"shop","item":"https:\/\/laboratorioslps.com\/new\/tienda-2\/"},{"@type":"ListItem","position":3,"name":"Jab\u00f3n l\u00edquido para manos sin aroma"}]},{"@type":"WebSite","@id":"https:\/\/laboratorioslps.com\/new\/#website","url":"https:\/\/laboratorioslps.com\/new\/","name":"laboratorioslps","description":"Limpio, puro y suave.","publisher":{"@id":"https:\/\/laboratorioslps.com\/new\/#organization"},"potentialAction":[{"@type":"SearchAction","target":{"@type":"EntryPoint","urlTemplate":"https:\/\/laboratorioslps.com\/new\/?s={search_term_string}"},"query-input":{"@type":"PropertyValueSpecification","valueRequired":true,"valueName":"search_term_string"}}],"inLanguage":"es"},{"@type":"Organization","@id":"https:\/\/laboratorioslps.com\/new\/#organization","name":"Laboratorios Industriales LPS","url":"https:\/\/laboratorioslps.com\/new\/","logo":{"@type":"ImageObject","inLanguage":"es","@id":"https:\/\/laboratorioslps.com\/new\/#\/schema\/logo\/image\/","url":"https:\/\/laboratorioslps.com\/new\/wp-content\/uploads\/2024\/07\/images-1.png","contentUrl":"https:\/\/laboratorioslps.com\/new\/wp-content\/uploads\/2024\/07\/images-1.png","width":225,"height":225,"caption":"Laboratorios Industriales LPS"},"image":{"@id":"https:\/\/laboratorioslps.com\/new\/#\/schema\/logo\/image\/"},"sameAs":["https:\/\/web.facebook.com\/LaboratoriosIndustrialesLPS","https:\/\/www.instagram.com\/laboratorioslps\/?hl=es","https:\/\/co.linkedin.com\/company\/laboratorios-industriales-lps"]}]}},"_links":{"self":[{"href":"https:\/\/laboratorioslps.com\/new\/wp-json\/wp\/v2\/product\/5426","targetHints":{"allow":["GET"]}}],"collection":[{"href":"https:\/\/laboratorioslps.com\/new\/wp-json\/wp\/v2\/product"}],"about":[{"href":"https:\/\/laboratorioslps.com\/new\/wp-json\/wp\/v2\/types\/product"}],"replies":[{"embeddable":true,"href":"https:\/\/laboratorioslps.com\/new\/wp-json\/wp\/v2\/comments?post=5426"}],"version-history":[{"count":2,"href":"https:\/\/laboratorioslps.com\/new\/wp-json\/wp\/v2\/product\/5426\/revisions"}],"predecessor-version":[{"id":5846,"href":"https:\/\/laboratorioslps.com\/new\/wp-json\/wp\/v2\/product\/5426\/revisions\/5846"}],"wp:featuredmedia":[{"embeddable":true,"href":"https:\/\/laboratorioslps.com\/new\/wp-json\/wp\/v2\/media\/5432"}],"wp:attachment":[{"href":"https:\/\/laboratorioslps.com\/new\/wp-json\/wp\/v2\/media?parent=5426"}],"wp:term":[{"taxonomy":"product_brand","embeddable":true,"href":"https:\/\/laboratorioslps.com\/new\/wp-json\/wp\/v2\/product_brand?post=5426"},{"taxonomy":"product_cat","embeddable":true,"href":"https:\/\/laboratorioslps.com\/new\/wp-json\/wp\/v2\/product_cat?post=5426"},{"taxonomy":"product_tag","embeddable":true,"href":"https:\/\/laboratorioslps.com\/new\/wp-json\/wp\/v2\/product_tag?post=5426"}],"curies":[{"name":"wp","href":"https:\/\/api.w.org\/{rel}","templated":true}]}}