{"id":99,"date":"2017-11-20T16:32:25","date_gmt":"2017-11-20T16:32:25","guid":{"rendered":"https:\/\/laboratorioslps.com\/new\/?post_type=product&#038;p=99"},"modified":"2026-01-19T14:39:10","modified_gmt":"2026-01-19T14:39:10","slug":"detergente-liquido-multiusos-biodegradable","status":"publish","type":"product","link":"https:\/\/laboratorioslps.com\/new\/product\/detergente-liquido-multiusos-biodegradable\/","title":{"rendered":"Detergente Multiusos LPS 4L"},"content":{"rendered":"","protected":false},"excerpt":{"rendered":"<p data-start=\"78\" data-end=\"523\">El <strong>Detergente l\u00edquido multiusos<\/strong> limpia eficazmente superficies lavables como pisos, paredes, baldosas y ba\u00f1os, adem\u00e1s de ropa blanca o de color, eliminando manchas y suciedad sin da\u00f1ar fibras ni superficies, adem\u00e1s ayuda a tratar el piso despu\u00e9s de remover ceras viejas, dej\u00e1ndolo listo para aplicar un nuevo acabado.<\/p>\n<p data-start=\"78\" data-end=\"523\">Rinde m\u00e1s gracias a su concentraci\u00f3n y es vers\u00e1til para m\u00faltiples tareas de limpieza. Su f\u00f3rmula <strong>biodegradable<\/strong> lo convierte en una opci\u00f3n responsable que protege el medio ambiente y reduce el impacto contaminante.<\/p>\n<p><strong>Contenido Neto:<\/strong> 4L<\/p>\n<p><strong>Incluido IVA<\/strong><\/p>\n<p><strong><a href=\"https:\/\/laboratorioslps.com\/new\/wp-content\/uploads\/2025\/02\/PD-OT-129-FICHA-DE-DATOS-DE-SEGURIDAD-DETERGENTE-MULTIUSOS.pdf\">Da clic aqu\u00ed para ver o descargar la Ficha de datos de seguridad <\/a><a href=\"https:\/\/laboratorioslps.com\/new\/wp-content\/uploads\/2025\/02\/PD-OT-129-FICHA-DE-DATOS-DE-SEGURIDAD-DETERGENTE-MULTIUSOS.pdf\">del Detergente multiusos<\/a><\/strong><\/p>\n","protected":false},"featured_media":5355,"comment_status":"open","ping_status":"closed","template":"","meta":{"_acf_changed":false},"product_brand":[64],"product_cat":[47],"product_tag":[],"class_list":{"0":"post-99","1":"product","2":"type-product","3":"status-publish","4":"has-post-thumbnail","6":"product_brand-lps","7":"product_cat-textil","9":"first","10":"instock","11":"shipping-taxable","12":"purchasable","13":"product-type-simple"},"acf":[],"yoast_head":"<!-- This site is optimized with the Yoast SEO plugin v27.3 - https:\/\/yoast.com\/product\/yoast-seo-wordpress\/ -->\n<title>Detergente Multiusos LPS 4L - LPS<\/title>\n<meta name=\"description\" content=\"Detergente l\u00edquido multiusos biodegradable para limpiar pisos, paredes, ba\u00f1os y ropa. Elimina suciedad y manchas cuidando el medio ambiente.\" \/>\n<meta name=\"robots\" content=\"index, follow, max-snippet:-1, max-image-preview:large, max-video-preview:-1\" \/>\n<link rel=\"canonical\" href=\"https:\/\/laboratorioslps.com\/new\/product\/detergente-liquido-multiusos-biodegradable\/\" \/>\n<meta property=\"og:locale\" content=\"es_ES\" \/>\n<meta property=\"og:type\" content=\"article\" \/>\n<meta property=\"og:title\" content=\"Detergente Multiusos LPS 4L - LPS\" \/>\n<meta property=\"og:description\" content=\"Detergente l\u00edquido multiusos biodegradable para limpiar pisos, paredes, ba\u00f1os y ropa. Elimina suciedad y manchas cuidando el medio ambiente.\" \/>\n<meta property=\"og:url\" content=\"https:\/\/laboratorioslps.com\/new\/product\/detergente-liquido-multiusos-biodegradable\/\" \/>\n<meta property=\"og:site_name\" content=\"LPS\" \/>\n<meta property=\"article:publisher\" content=\"https:\/\/web.facebook.com\/LaboratoriosIndustrialesLPS\" \/>\n<meta property=\"article:modified_time\" content=\"2026-01-19T14:39:10+00:00\" \/>\n<meta property=\"og:image\" content=\"https:\/\/laboratorioslps.com\/new\/wp-content\/uploads\/2017\/11\/Detergente-Multiusos-LPS-X-4L.jpg\" \/>\n\t<meta property=\"og:image:width\" content=\"2000\" \/>\n\t<meta property=\"og:image:height\" content=\"2000\" \/>\n\t<meta property=\"og:image:type\" content=\"image\/jpeg\" \/>\n<meta name=\"twitter:card\" content=\"summary_large_image\" \/>\n<meta name=\"twitter:label1\" content=\"Tiempo de lectura\" \/>\n\t<meta name=\"twitter:data1\" content=\"1 minuto\" \/>\n<script type=\"application\/ld+json\" class=\"yoast-schema-graph\">{\"@context\":\"https:\\\/\\\/schema.org\",\"@graph\":[{\"@type\":\"WebPage\",\"@id\":\"https:\\\/\\\/laboratorioslps.com\\\/new\\\/product\\\/detergente-liquido-multiusos-biodegradable\\\/\",\"url\":\"https:\\\/\\\/laboratorioslps.com\\\/new\\\/product\\\/detergente-liquido-multiusos-biodegradable\\\/\",\"name\":\"Detergente Multiusos LPS 4L - LPS\",\"isPartOf\":{\"@id\":\"https:\\\/\\\/laboratorioslps.com\\\/new\\\/#website\"},\"primaryImageOfPage\":{\"@id\":\"https:\\\/\\\/laboratorioslps.com\\\/new\\\/product\\\/detergente-liquido-multiusos-biodegradable\\\/#primaryimage\"},\"image\":{\"@id\":\"https:\\\/\\\/laboratorioslps.com\\\/new\\\/product\\\/detergente-liquido-multiusos-biodegradable\\\/#primaryimage\"},\"thumbnailUrl\":\"https:\\\/\\\/laboratorioslps.com\\\/new\\\/wp-content\\\/uploads\\\/2017\\\/11\\\/Detergente-Multiusos-LPS-X-4L.jpg\",\"datePublished\":\"2017-11-20T16:32:25+00:00\",\"dateModified\":\"2026-01-19T14:39:10+00:00\",\"description\":\"Detergente l\u00edquido multiusos biodegradable para limpiar pisos, paredes, ba\u00f1os y ropa. Elimina suciedad y manchas cuidando el medio ambiente.\",\"breadcrumb\":{\"@id\":\"https:\\\/\\\/laboratorioslps.com\\\/new\\\/product\\\/detergente-liquido-multiusos-biodegradable\\\/#breadcrumb\"},\"inLanguage\":\"es\",\"potentialAction\":[{\"@type\":\"ReadAction\",\"target\":[\"https:\\\/\\\/laboratorioslps.com\\\/new\\\/product\\\/detergente-liquido-multiusos-biodegradable\\\/\"]}]},{\"@type\":\"ImageObject\",\"inLanguage\":\"es\",\"@id\":\"https:\\\/\\\/laboratorioslps.com\\\/new\\\/product\\\/detergente-liquido-multiusos-biodegradable\\\/#primaryimage\",\"url\":\"https:\\\/\\\/laboratorioslps.com\\\/new\\\/wp-content\\\/uploads\\\/2017\\\/11\\\/Detergente-Multiusos-LPS-X-4L.jpg\",\"contentUrl\":\"https:\\\/\\\/laboratorioslps.com\\\/new\\\/wp-content\\\/uploads\\\/2017\\\/11\\\/Detergente-Multiusos-LPS-X-4L.jpg\",\"width\":2000,\"height\":2000},{\"@type\":\"BreadcrumbList\",\"@id\":\"https:\\\/\\\/laboratorioslps.com\\\/new\\\/product\\\/detergente-liquido-multiusos-biodegradable\\\/#breadcrumb\",\"itemListElement\":[{\"@type\":\"ListItem\",\"position\":1,\"name\":\"Portada\",\"item\":\"https:\\\/\\\/laboratorioslps.com\\\/new\\\/\"},{\"@type\":\"ListItem\",\"position\":2,\"name\":\"shop\",\"item\":\"https:\\\/\\\/laboratorioslps.com\\\/new\\\/tienda-2\\\/\"},{\"@type\":\"ListItem\",\"position\":3,\"name\":\"Detergente l\u00edquido multiusos biodegradable\"}]},{\"@type\":\"WebSite\",\"@id\":\"https:\\\/\\\/laboratorioslps.com\\\/new\\\/#website\",\"url\":\"https:\\\/\\\/laboratorioslps.com\\\/new\\\/\",\"name\":\"laboratorioslps\",\"description\":\"Limpio, puro y suave.\",\"publisher\":{\"@id\":\"https:\\\/\\\/laboratorioslps.com\\\/new\\\/#organization\"},\"potentialAction\":[{\"@type\":\"SearchAction\",\"target\":{\"@type\":\"EntryPoint\",\"urlTemplate\":\"https:\\\/\\\/laboratorioslps.com\\\/new\\\/?s={search_term_string}\"},\"query-input\":{\"@type\":\"PropertyValueSpecification\",\"valueRequired\":true,\"valueName\":\"search_term_string\"}}],\"inLanguage\":\"es\"},{\"@type\":\"Organization\",\"@id\":\"https:\\\/\\\/laboratorioslps.com\\\/new\\\/#organization\",\"name\":\"Laboratorios Industriales LPS\",\"url\":\"https:\\\/\\\/laboratorioslps.com\\\/new\\\/\",\"logo\":{\"@type\":\"ImageObject\",\"inLanguage\":\"es\",\"@id\":\"https:\\\/\\\/laboratorioslps.com\\\/new\\\/#\\\/schema\\\/logo\\\/image\\\/\",\"url\":\"https:\\\/\\\/laboratorioslps.com\\\/new\\\/wp-content\\\/uploads\\\/2024\\\/07\\\/images-1.png\",\"contentUrl\":\"https:\\\/\\\/laboratorioslps.com\\\/new\\\/wp-content\\\/uploads\\\/2024\\\/07\\\/images-1.png\",\"width\":225,\"height\":225,\"caption\":\"Laboratorios Industriales LPS\"},\"image\":{\"@id\":\"https:\\\/\\\/laboratorioslps.com\\\/new\\\/#\\\/schema\\\/logo\\\/image\\\/\"},\"sameAs\":[\"https:\\\/\\\/web.facebook.com\\\/LaboratoriosIndustrialesLPS\",\"https:\\\/\\\/www.instagram.com\\\/laboratorioslps\\\/?hl=es\",\"https:\\\/\\\/co.linkedin.com\\\/company\\\/laboratorios-industriales-lps\"]}]}<\/script>\n<!-- \/ Yoast SEO plugin. -->","yoast_head_json":{"title":"Detergente Multiusos LPS 4L - LPS","description":"Detergente l\u00edquido multiusos biodegradable para limpiar pisos, paredes, ba\u00f1os y ropa. Elimina suciedad y manchas cuidando el medio ambiente.","robots":{"index":"index","follow":"follow","max-snippet":"max-snippet:-1","max-image-preview":"max-image-preview:large","max-video-preview":"max-video-preview:-1"},"canonical":"https:\/\/laboratorioslps.com\/new\/product\/detergente-liquido-multiusos-biodegradable\/","og_locale":"es_ES","og_type":"article","og_title":"Detergente Multiusos LPS 4L - LPS","og_description":"Detergente l\u00edquido multiusos biodegradable para limpiar pisos, paredes, ba\u00f1os y ropa. Elimina suciedad y manchas cuidando el medio ambiente.","og_url":"https:\/\/laboratorioslps.com\/new\/product\/detergente-liquido-multiusos-biodegradable\/","og_site_name":"LPS","article_publisher":"https:\/\/web.facebook.com\/LaboratoriosIndustrialesLPS","article_modified_time":"2026-01-19T14:39:10+00:00","og_image":[{"width":2000,"height":2000,"url":"https:\/\/laboratorioslps.com\/new\/wp-content\/uploads\/2017\/11\/Detergente-Multiusos-LPS-X-4L.jpg","type":"image\/jpeg"}],"twitter_card":"summary_large_image","twitter_misc":{"Tiempo de lectura":"1 minuto"},"schema":{"@context":"https:\/\/schema.org","@graph":[{"@type":"WebPage","@id":"https:\/\/laboratorioslps.com\/new\/product\/detergente-liquido-multiusos-biodegradable\/","url":"https:\/\/laboratorioslps.com\/new\/product\/detergente-liquido-multiusos-biodegradable\/","name":"Detergente Multiusos LPS 4L - LPS","isPartOf":{"@id":"https:\/\/laboratorioslps.com\/new\/#website"},"primaryImageOfPage":{"@id":"https:\/\/laboratorioslps.com\/new\/product\/detergente-liquido-multiusos-biodegradable\/#primaryimage"},"image":{"@id":"https:\/\/laboratorioslps.com\/new\/product\/detergente-liquido-multiusos-biodegradable\/#primaryimage"},"thumbnailUrl":"https:\/\/laboratorioslps.com\/new\/wp-content\/uploads\/2017\/11\/Detergente-Multiusos-LPS-X-4L.jpg","datePublished":"2017-11-20T16:32:25+00:00","dateModified":"2026-01-19T14:39:10+00:00","description":"Detergente l\u00edquido multiusos biodegradable para limpiar pisos, paredes, ba\u00f1os y ropa. Elimina suciedad y manchas cuidando el medio ambiente.","breadcrumb":{"@id":"https:\/\/laboratorioslps.com\/new\/product\/detergente-liquido-multiusos-biodegradable\/#breadcrumb"},"inLanguage":"es","potentialAction":[{"@type":"ReadAction","target":["https:\/\/laboratorioslps.com\/new\/product\/detergente-liquido-multiusos-biodegradable\/"]}]},{"@type":"ImageObject","inLanguage":"es","@id":"https:\/\/laboratorioslps.com\/new\/product\/detergente-liquido-multiusos-biodegradable\/#primaryimage","url":"https:\/\/laboratorioslps.com\/new\/wp-content\/uploads\/2017\/11\/Detergente-Multiusos-LPS-X-4L.jpg","contentUrl":"https:\/\/laboratorioslps.com\/new\/wp-content\/uploads\/2017\/11\/Detergente-Multiusos-LPS-X-4L.jpg","width":2000,"height":2000},{"@type":"BreadcrumbList","@id":"https:\/\/laboratorioslps.com\/new\/product\/detergente-liquido-multiusos-biodegradable\/#breadcrumb","itemListElement":[{"@type":"ListItem","position":1,"name":"Portada","item":"https:\/\/laboratorioslps.com\/new\/"},{"@type":"ListItem","position":2,"name":"shop","item":"https:\/\/laboratorioslps.com\/new\/tienda-2\/"},{"@type":"ListItem","position":3,"name":"Detergente l\u00edquido multiusos biodegradable"}]},{"@type":"WebSite","@id":"https:\/\/laboratorioslps.com\/new\/#website","url":"https:\/\/laboratorioslps.com\/new\/","name":"laboratorioslps","description":"Limpio, puro y suave.","publisher":{"@id":"https:\/\/laboratorioslps.com\/new\/#organization"},"potentialAction":[{"@type":"SearchAction","target":{"@type":"EntryPoint","urlTemplate":"https:\/\/laboratorioslps.com\/new\/?s={search_term_string}"},"query-input":{"@type":"PropertyValueSpecification","valueRequired":true,"valueName":"search_term_string"}}],"inLanguage":"es"},{"@type":"Organization","@id":"https:\/\/laboratorioslps.com\/new\/#organization","name":"Laboratorios Industriales LPS","url":"https:\/\/laboratorioslps.com\/new\/","logo":{"@type":"ImageObject","inLanguage":"es","@id":"https:\/\/laboratorioslps.com\/new\/#\/schema\/logo\/image\/","url":"https:\/\/laboratorioslps.com\/new\/wp-content\/uploads\/2024\/07\/images-1.png","contentUrl":"https:\/\/laboratorioslps.com\/new\/wp-content\/uploads\/2024\/07\/images-1.png","width":225,"height":225,"caption":"Laboratorios Industriales LPS"},"image":{"@id":"https:\/\/laboratorioslps.com\/new\/#\/schema\/logo\/image\/"},"sameAs":["https:\/\/web.facebook.com\/LaboratoriosIndustrialesLPS","https:\/\/www.instagram.com\/laboratorioslps\/?hl=es","https:\/\/co.linkedin.com\/company\/laboratorios-industriales-lps"]}]}},"_links":{"self":[{"href":"https:\/\/laboratorioslps.com\/new\/wp-json\/wp\/v2\/product\/99","targetHints":{"allow":["GET"]}}],"collection":[{"href":"https:\/\/laboratorioslps.com\/new\/wp-json\/wp\/v2\/product"}],"about":[{"href":"https:\/\/laboratorioslps.com\/new\/wp-json\/wp\/v2\/types\/product"}],"replies":[{"embeddable":true,"href":"https:\/\/laboratorioslps.com\/new\/wp-json\/wp\/v2\/comments?post=99"}],"version-history":[{"count":7,"href":"https:\/\/laboratorioslps.com\/new\/wp-json\/wp\/v2\/product\/99\/revisions"}],"predecessor-version":[{"id":5740,"href":"https:\/\/laboratorioslps.com\/new\/wp-json\/wp\/v2\/product\/99\/revisions\/5740"}],"wp:featuredmedia":[{"embeddable":true,"href":"https:\/\/laboratorioslps.com\/new\/wp-json\/wp\/v2\/media\/5355"}],"wp:attachment":[{"href":"https:\/\/laboratorioslps.com\/new\/wp-json\/wp\/v2\/media?parent=99"}],"wp:term":[{"taxonomy":"product_brand","embeddable":true,"href":"https:\/\/laboratorioslps.com\/new\/wp-json\/wp\/v2\/product_brand?post=99"},{"taxonomy":"product_cat","embeddable":true,"href":"https:\/\/laboratorioslps.com\/new\/wp-json\/wp\/v2\/product_cat?post=99"},{"taxonomy":"product_tag","embeddable":true,"href":"https:\/\/laboratorioslps.com\/new\/wp-json\/wp\/v2\/product_tag?post=99"}],"curies":[{"name":"wp","href":"https:\/\/api.w.org\/{rel}","templated":true}]}}